{"id":1083,"date":"2018-07-25T11:56:26","date_gmt":"2018-07-25T09:56:26","guid":{"rendered":"http:\/\/rueil-star.com\/site\/?page_id=1083"},"modified":"2019-10-27T14:02:03","modified_gmt":"2019-10-27T13:02:03","slug":"les-competitions","status":"publish","type":"page","link":"https:\/\/rueil-star.com\/site\/index.php\/les-competitions\/","title":{"rendered":"Les Comp\u00e9titions"},"content":{"rendered":"\n<p><strong>LES COMP\u00c9TITIONS<\/strong><\/p>\n\n\n\n<p>Le tir \u00e0 l\u2019arc est un sport qui permet l\u2019acc\u00e8s \u00e0 la comp\u00e9tition d\u00e8s la premi\u00e8re ann\u00e9e (concours des d\u00e9butants) et pour les autres l\u2019acc\u00e8s aux comp\u00e9titions hebdomadaires et pour les meilleurs aux championnats d\u00e9partementaux, r\u00e9gionaux et nationaux\u2026.. m\u00eame internationaux pour certains.<\/p>\n\n\n\n<p><strong>Comp\u00e9titions locales :<\/strong><\/p>\n\n\n\n<p>Chaque semaine plusieurs concours sont organis\u00e9s en r\u00e9gion parisienne.<\/p>\n\n\n\n<p>Les r\u00e9sultats sont remont\u00e9s syst\u00e9matiquement au niveau de la F\u00e9d\u00e9ration qui \u00e9tablit un classement national \u00e9volutif chaque semaine.<\/p>\n\n\n\n<p>Vous pouvez retrouver <a href=\"http:\/\/ffta.fr\">sur son site<\/a> les diff\u00e9rents classements effectu\u00e9s par disciplines, armes, sexes, cat\u00e9gorie d\u2019\u00e2ge\u2026<\/p>\n\n\n\n<p>Chaque club organisateur de comp\u00e9tition \u00e9met un mandat et une fiche d\u2019inscription que vous pouvez retrouver sur les diff\u00e9rents sites concern\u00e9s (<a href=\"https:\/\/www.tiralarc92.com\/\">d\u00e9partement<\/a>, <a href=\"http:\/\/www.tiralarcidf.com\/\">r\u00e9gions<\/a>\u2026).<\/p>\n\n\n\n<p>Les adultes du club int\u00e9ress\u00e9s pour s\u2019inscrire \u00e0 des comp\u00e9titions doivent le faire directement. Le plus souvent ils se regroupent sur des comp\u00e9titions communes et dans la mesure du possible sur les m\u00eames d\u00e9parts lors de l\u2019inscription.<\/p>\n\n\n\n<p>Pour les jeunes, les responsables (Bertrand, Charles et Sylvain) demandent aux archers int\u00e9ress\u00e9s de s\u2019inscrire et font une inscription group\u00e9e.<\/p>\n\n\n\n<p>Sur certaines comp\u00e9titions, il est pr\u00e9vu qu\u2019un responsable puisse encadrer les jeunes inscrits sur un d\u00e9part particulier.<\/p>\n\n\n\n<p><strong>Diff\u00e9rents championnats :<\/strong><\/p>\n\n\n\n<p>La s\u00e9lection dans les diff\u00e9rents championnats s\u2019effectue sur les trois meilleurs scores r\u00e9alis\u00e9s dans la saison.<\/p>\n\n\n\n<p>Un quota est fix\u00e9 dans chaque cat\u00e9gorie, visible sur les diff\u00e9rents sites. Lorsque l\u2019on se trouve parmi les heureux \u00e9lus, il suffit de se connecter sur ceux-ci afin de valider sa s\u00e9lection.<\/p>\n\n\n\n<p>Le club participe financi\u00e8rement aux d\u00e9placements des archers qualifi\u00e9s aux diff\u00e9rents championnats de France selon un bar\u00e8me pr\u00e9\u00e9tabli (voir <a href=\"https:\/\/rueil-star.com\/site\/index.php\/docs-a-telecharger\/\">documents \u00e0 t\u00e9l\u00e9charger<\/a>).<\/p>\n","protected":false},"excerpt":{"rendered":"<p>LES COMP\u00c9TITIONS Le tir \u00e0 l\u2019arc est un sport qui permet l\u2019acc\u00e8s \u00e0 la comp\u00e9tition d\u00e8s la premi\u00e8re ann\u00e9e (concours des d\u00e9butants) et pour les autres l\u2019acc\u00e8s aux comp\u00e9titions hebdomadaires et pour les meilleurs aux championnats d\u00e9partementaux, r\u00e9gionaux et nationaux\u2026.. m\u00eame internationaux pour certains. Comp\u00e9titions locales : Chaque semaine plusieurs concours sont organis\u00e9s en r\u00e9gion &hellip; <a href=\"https:\/\/rueil-star.com\/site\/index.php\/les-competitions\/\" class=\"more-link\">Continuer la lecture<span class=\"screen-reader-text\"> de &laquo;&nbsp;Les Comp\u00e9titions&nbsp;&raquo;<\/span><\/a><\/p>\n","protected":false},"author":105,"featured_media":0,"parent":0,"menu_order":0,"comment_status":"closed","ping_status":"closed","template":"","meta":{"footnotes":""},"class_list":["post-1083","page","type-page","status-publish","hentry"],"_links":{"self":[{"href":"https:\/\/rueil-star.com\/site\/index.php\/wp-json\/wp\/v2\/pages\/1083","targetHints":{"allow":["GET"]}}],"collection":[{"href":"https:\/\/rueil-star.com\/site\/index.php\/wp-json\/wp\/v2\/pages"}],"about":[{"href":"https:\/\/rueil-star.com\/site\/index.php\/wp-json\/wp\/v2\/types\/page"}],"author":[{"embeddable":true,"href":"https:\/\/rueil-star.com\/site\/index.php\/wp-json\/wp\/v2\/users\/105"}],"replies":[{"embeddable":true,"href":"https:\/\/rueil-star.com\/site\/index.php\/wp-json\/wp\/v2\/comments?post=1083"}],"version-history":[{"count":3,"href":"https:\/\/rueil-star.com\/site\/index.php\/wp-json\/wp\/v2\/pages\/1083\/revisions"}],"predecessor-version":[{"id":1737,"href":"https:\/\/rueil-star.com\/site\/index.php\/wp-json\/wp\/v2\/pages\/1083\/revisions\/1737"}],"wp:attachment":[{"href":"https:\/\/rueil-star.com\/site\/index.php\/wp-json\/wp\/v2\/media?parent=1083"}],"curies":[{"name":"wp","href":"https:\/\/api.w.org\/{rel}","templated":true}]}}