{"id":1093,"date":"2018-07-25T12:11:09","date_gmt":"2018-07-25T10:11:09","guid":{"rendered":"http:\/\/rueil-star.com\/site\/?page_id=1093"},"modified":"2020-08-17T23:16:52","modified_gmt":"2020-08-17T21:16:52","slug":"organisation-des-cours","status":"publish","type":"page","link":"https:\/\/rueil-star.com\/site\/index.php\/organisation-des-cours\/","title":{"rendered":"Organisation des Cours"},"content":{"rendered":"\n<p><strong>En salle :<\/strong><\/p>\n\n\n\n<p>Vous trouverez dans <a href=\"https:\/\/rueil-star.com\/site\/index.php\/infos-pratiques\/horaires\/\">la section horaires et tarifs<\/a> ou dans la plaquette remise lors des portes ouvertes les diff\u00e9rentes propositions concernant les cr\u00e9neaux de tir.<\/p>\n\n\n\n<p><strong>En ext\u00e9rieur :<\/strong><\/p>\n\n\n\n<p>Les cours sont dispens\u00e9s de la m\u00eame mani\u00e8re.<\/p>\n\n\n\n<p>Attention, tous les archers, autres que ceux de l\u2019initiation de l\u2019ann\u00e9e, doivent se rendre directement sur le terrain avec leur mat\u00e9riel personnel ou lou\u00e9.<\/p>\n\n\n\n<p>Pour tous les archers r\u00e9pondant aux crit\u00e8res d\u2019acc\u00e8s au terrain (fl\u00e8che jaune ou d\u00e9rogation valid\u00e9e par le Comit\u00e9) il leur sera remis une clef permettant cet acc\u00e8s.<\/p>\n\n\n\n<p>Pour des raisons de s\u00e9curit\u00e9, dans la mesure du possible, il est recommand\u00e9 de ne pas se trouver seul sur le terrain, aussi des accords entre archers sont conseill\u00e9s pour se retrouver ensemble sur le pas de tir.<\/p>\n\n\n\n<p><strong>ATTENTION <\/strong>: la porte du terrain doit toujours \u00eatre ferm\u00e9e \u00e0 clef d\u00e8s l\u2019acc\u00e8s \u00e0 celui-ci, toujours pour des raisons de s\u00e9curit\u00e9.<\/p>\n","protected":false},"excerpt":{"rendered":"<p>En salle : Vous trouverez dans la section horaires et tarifs ou dans la plaquette remise lors des portes ouvertes les diff\u00e9rentes propositions concernant les cr\u00e9neaux de tir. En ext\u00e9rieur : Les cours sont dispens\u00e9s de la m\u00eame mani\u00e8re. Attention, tous les archers, autres que ceux de l\u2019initiation de l\u2019ann\u00e9e, doivent se rendre directement sur &hellip; <a href=\"https:\/\/rueil-star.com\/site\/index.php\/organisation-des-cours\/\" class=\"more-link\">Continuer la lecture<span class=\"screen-reader-text\"> de &laquo;&nbsp;Organisation des Cours&nbsp;&raquo;<\/span><\/a><\/p>\n","protected":false},"author":105,"featured_media":0,"parent":0,"menu_order":0,"comment_status":"closed","ping_status":"closed","template":"","meta":{"footnotes":""},"class_list":["post-1093","page","type-page","status-publish","hentry"],"_links":{"self":[{"href":"https:\/\/rueil-star.com\/site\/index.php\/wp-json\/wp\/v2\/pages\/1093","targetHints":{"allow":["GET"]}}],"collection":[{"href":"https:\/\/rueil-star.com\/site\/index.php\/wp-json\/wp\/v2\/pages"}],"about":[{"href":"https:\/\/rueil-star.com\/site\/index.php\/wp-json\/wp\/v2\/types\/page"}],"author":[{"embeddable":true,"href":"https:\/\/rueil-star.com\/site\/index.php\/wp-json\/wp\/v2\/users\/105"}],"replies":[{"embeddable":true,"href":"https:\/\/rueil-star.com\/site\/index.php\/wp-json\/wp\/v2\/comments?post=1093"}],"version-history":[{"count":4,"href":"https:\/\/rueil-star.com\/site\/index.php\/wp-json\/wp\/v2\/pages\/1093\/revisions"}],"predecessor-version":[{"id":1910,"href":"https:\/\/rueil-star.com\/site\/index.php\/wp-json\/wp\/v2\/pages\/1093\/revisions\/1910"}],"wp:attachment":[{"href":"https:\/\/rueil-star.com\/site\/index.php\/wp-json\/wp\/v2\/media?parent=1093"}],"curies":[{"name":"wp","href":"https:\/\/api.w.org\/{rel}","templated":true}]}}