{"id":1111,"date":"2018-07-25T18:56:15","date_gmt":"2018-07-25T16:56:15","guid":{"rendered":"http:\/\/rueil-star.com\/site\/?page_id=1111"},"modified":"2020-08-17T23:15:48","modified_gmt":"2020-08-17T21:15:48","slug":"le-materiel","status":"publish","type":"page","link":"https:\/\/rueil-star.com\/site\/index.php\/le-materiel\/","title":{"rendered":"Le mat\u00e9riel"},"content":{"rendered":"\n<figure class=\"wp-block-image size-large\"><img loading=\"lazy\" decoding=\"async\" width=\"1024\" height=\"204\" src=\"https:\/\/rueil-star.com\/site\/wp-content\/uploads\/2019\/10\/Materiel1-1024x204.jpg\" alt=\"\" class=\"wp-image-1727\" srcset=\"https:\/\/rueil-star.com\/site\/wp-content\/uploads\/2019\/10\/Materiel1-1024x204.jpg 1024w, https:\/\/rueil-star.com\/site\/wp-content\/uploads\/2019\/10\/Materiel1-300x60.jpg 300w, https:\/\/rueil-star.com\/site\/wp-content\/uploads\/2019\/10\/Materiel1-768x153.jpg 768w, https:\/\/rueil-star.com\/site\/wp-content\/uploads\/2019\/10\/Materiel1-1200x239.jpg 1200w, https:\/\/rueil-star.com\/site\/wp-content\/uploads\/2019\/10\/Materiel1.jpg 2000w\" sizes=\"auto, (max-width: 709px) 85vw, (max-width: 909px) 67vw, (max-width: 1362px) 62vw, 840px\" \/><\/figure>\n\n\n\n<p>\n\nNotre club dispose d\u2019un mat\u00e9riel assez important destin\u00e9 \u00e0 l\u2019initiation et au perfectionnement.<br>Pour l\u2019initiation, les arcs, fl\u00e8ches et protection notamment sont fournis pour l\u2019ann\u00e9e.<\/p>\n\n\n\n<figure class=\"wp-block-image size-large\"><img loading=\"lazy\" decoding=\"async\" width=\"1024\" height=\"204\" src=\"https:\/\/rueil-star.com\/site\/wp-content\/uploads\/2019\/10\/Materiel2-1024x204.jpg\" alt=\"\" class=\"wp-image-1729\" srcset=\"https:\/\/rueil-star.com\/site\/wp-content\/uploads\/2019\/10\/Materiel2-1024x204.jpg 1024w, https:\/\/rueil-star.com\/site\/wp-content\/uploads\/2019\/10\/Materiel2-300x60.jpg 300w, https:\/\/rueil-star.com\/site\/wp-content\/uploads\/2019\/10\/Materiel2-768x153.jpg 768w, https:\/\/rueil-star.com\/site\/wp-content\/uploads\/2019\/10\/Materiel2-1200x239.jpg 1200w, https:\/\/rueil-star.com\/site\/wp-content\/uploads\/2019\/10\/Materiel2.jpg 2000w\" sizes=\"auto, (max-width: 709px) 85vw, (max-width: 909px) 67vw, (max-width: 1362px) 62vw, 840px\" \/><\/figure>\n\n\n\n<p>Cependant, il vous sera demand\u00e9 d\u2019acqu\u00e9rir assez rapidement une dragonne, un carquois, une palette, une protection et des fl\u00e8ches adapt\u00e9es \u00e0 votre morphologie. Des kits sont propos\u00e9s dans des magasins d\u2019archerie (Gold Archery \u00e0 Suresnes) \u00e0 des tarifs tr\u00e8s abordables.<\/p>\n\n\n\n<figure class=\"wp-block-gallery columns-2 is-cropped wp-block-gallery-1 is-layout-flex wp-block-gallery-is-layout-flex\"><ul class=\"blocks-gallery-grid\"><li class=\"blocks-gallery-item\"><figure><img loading=\"lazy\" decoding=\"async\" width=\"1000\" height=\"401\" src=\"https:\/\/rueil-star.com\/site\/wp-content\/uploads\/2019\/10\/Materiel3-1.jpg\" alt=\"\" data-id=\"1732\" data-full-url=\"https:\/\/rueil-star.com\/site\/wp-content\/uploads\/2019\/10\/Materiel3-1.jpg\" data-link=\"https:\/\/rueil-star.com\/site\/index.php\/le-materiel\/materiel3-1\/\" class=\"wp-image-1732\" srcset=\"https:\/\/rueil-star.com\/site\/wp-content\/uploads\/2019\/10\/Materiel3-1.jpg 1000w, https:\/\/rueil-star.com\/site\/wp-content\/uploads\/2019\/10\/Materiel3-1-300x120.jpg 300w, https:\/\/rueil-star.com\/site\/wp-content\/uploads\/2019\/10\/Materiel3-1-768x308.jpg 768w\" sizes=\"auto, (max-width: 709px) 85vw, (max-width: 909px) 67vw, (max-width: 1362px) 62vw, 840px\" \/><\/figure><\/li><li class=\"blocks-gallery-item\"><figure><img loading=\"lazy\" decoding=\"async\" width=\"1000\" height=\"400\" src=\"https:\/\/rueil-star.com\/site\/wp-content\/uploads\/2019\/10\/Materiel4-1.jpg\" alt=\"\" data-id=\"1733\" data-full-url=\"https:\/\/rueil-star.com\/site\/wp-content\/uploads\/2019\/10\/Materiel4-1.jpg\" data-link=\"https:\/\/rueil-star.com\/site\/index.php\/le-materiel\/materiel4-1\/\" class=\"wp-image-1733\" srcset=\"https:\/\/rueil-star.com\/site\/wp-content\/uploads\/2019\/10\/Materiel4-1.jpg 1000w, https:\/\/rueil-star.com\/site\/wp-content\/uploads\/2019\/10\/Materiel4-1-300x120.jpg 300w, https:\/\/rueil-star.com\/site\/wp-content\/uploads\/2019\/10\/Materiel4-1-768x307.jpg 768w\" sizes=\"auto, (max-width: 709px) 85vw, (max-width: 909px) 67vw, (max-width: 1362px) 62vw, 840px\" \/><\/figure><\/li><\/ul><\/figure>\n\n\n\n<p>Pour les d\u00e9butants adultes qui d\u00e9sirent continuer dans notre sport, il est recommand\u00e9 d\u2019investir assez rapidement dans du mat\u00e9riel adapt\u00e9 de mani\u00e8re \u00e0 progresser plus rapidement.<\/p>\n\n\n\n<p>Une location de mat\u00e9riel est possible pour les jeunes archers, au-del\u00e0 de un an de pr\u00e9sence, qui d\u00e9sirent poursuivre dans notre sport sans acheter du mat\u00e9riel. Nous avons d\u00e9cid\u00e9 d\u2019investir dans des arcs de perfectionnement et de comp\u00e9tition qui permettront \u00e0 nos jeunes les plus m\u00e9ritants et les plus investis dans notre sport de pouvoir s\u2019engager dans la comp\u00e9tition avec les meilleurs atouts mat\u00e9riels pour r\u00e9ussir.<\/p>\n\n\n\n<figure class=\"wp-block-image size-large\"><img loading=\"lazy\" decoding=\"async\" width=\"1022\" height=\"1024\" src=\"https:\/\/rueil-star.com\/site\/wp-content\/uploads\/2019\/10\/Materiel5-1022x1024.jpg\" alt=\"\" class=\"wp-image-1734\" srcset=\"https:\/\/rueil-star.com\/site\/wp-content\/uploads\/2019\/10\/Materiel5-1022x1024.jpg 1022w, https:\/\/rueil-star.com\/site\/wp-content\/uploads\/2019\/10\/Materiel5-150x150.jpg 150w, https:\/\/rueil-star.com\/site\/wp-content\/uploads\/2019\/10\/Materiel5-300x300.jpg 300w, https:\/\/rueil-star.com\/site\/wp-content\/uploads\/2019\/10\/Materiel5-768x770.jpg 768w, https:\/\/rueil-star.com\/site\/wp-content\/uploads\/2019\/10\/Materiel5-766x768.jpg 766w, https:\/\/rueil-star.com\/site\/wp-content\/uploads\/2019\/10\/Materiel5-1200x1202.jpg 1200w, https:\/\/rueil-star.com\/site\/wp-content\/uploads\/2019\/10\/Materiel5.jpg 2000w\" sizes=\"auto, (max-width: 709px) 85vw, (max-width: 909px) 67vw, (max-width: 1362px) 62vw, 840px\" \/><\/figure>\n\n\n\n<p>Contre un ch\u00e8que de caution et un autre correspondant au tarif de la location il sera remis \u00e0 l\u2019archer, en d\u00e9but de saison, un kit complet comprenant sac, poign\u00e9e, branches, corde, viseur, stabilisateur et 6 fl\u00e8ches.<\/p>\n\n\n\n<p>L\u2019archer devra remplacer les fl\u00e8ches cass\u00e9es et notamment en ext\u00e9rieur compl\u00e9ter leur nombre afin de r\u00e9pondre aux obligations de tir.<\/p>\n\n\n\n<p>A l\u2019issue de la saison, il devra remettre le kit \u00e0 son enseignant qui, apr\u00e8s contr\u00f4le de celui-ci, lui remettra ou lui fera parvenir (ou d\u00e9truire) le ch\u00e8que de caution.\n\n<\/p>\n","protected":false},"excerpt":{"rendered":"<p>Notre club dispose d\u2019un mat\u00e9riel assez important destin\u00e9 \u00e0 l\u2019initiation et au perfectionnement.Pour l\u2019initiation, les arcs, fl\u00e8ches et protection notamment sont fournis pour l\u2019ann\u00e9e. Cependant, il vous sera demand\u00e9 d\u2019acqu\u00e9rir assez rapidement une dragonne, un carquois, une palette, une protection et des fl\u00e8ches adapt\u00e9es \u00e0 votre morphologie. Des kits sont propos\u00e9s dans des magasins d\u2019archerie &hellip; <a href=\"https:\/\/rueil-star.com\/site\/index.php\/le-materiel\/\" class=\"more-link\">Continuer la lecture<span class=\"screen-reader-text\"> de &laquo;&nbsp;Le mat\u00e9riel&nbsp;&raquo;<\/span><\/a><\/p>\n","protected":false},"author":105,"featured_media":0,"parent":0,"menu_order":0,"comment_status":"closed","ping_status":"closed","template":"","meta":{"footnotes":""},"class_list":["post-1111","page","type-page","status-publish","hentry"],"_links":{"self":[{"href":"https:\/\/rueil-star.com\/site\/index.php\/wp-json\/wp\/v2\/pages\/1111","targetHints":{"allow":["GET"]}}],"collection":[{"href":"https:\/\/rueil-star.com\/site\/index.php\/wp-json\/wp\/v2\/pages"}],"about":[{"href":"https:\/\/rueil-star.com\/site\/index.php\/wp-json\/wp\/v2\/types\/page"}],"author":[{"embeddable":true,"href":"https:\/\/rueil-star.com\/site\/index.php\/wp-json\/wp\/v2\/users\/105"}],"replies":[{"embeddable":true,"href":"https:\/\/rueil-star.com\/site\/index.php\/wp-json\/wp\/v2\/comments?post=1111"}],"version-history":[{"count":3,"href":"https:\/\/rueil-star.com\/site\/index.php\/wp-json\/wp\/v2\/pages\/1111\/revisions"}],"predecessor-version":[{"id":1909,"href":"https:\/\/rueil-star.com\/site\/index.php\/wp-json\/wp\/v2\/pages\/1111\/revisions\/1909"}],"wp:attachment":[{"href":"https:\/\/rueil-star.com\/site\/index.php\/wp-json\/wp\/v2\/media?parent=1111"}],"curies":[{"name":"wp","href":"https:\/\/api.w.org\/{rel}","templated":true}]}}