{"id":1118,"date":"2018-07-25T19:52:29","date_gmt":"2018-07-25T17:52:29","guid":{"rendered":"http:\/\/rueil-star.com\/site\/?page_id=1118"},"modified":"2026-03-18T17:31:32","modified_gmt":"2026-03-18T16:31:32","slug":"inscription-et-reinscription","status":"publish","type":"page","link":"https:\/\/rueil-star.com\/site\/index.php\/la-pratique\/inscription-et-reinscription\/","title":{"rendered":"Inscription et r\u00e9inscription"},"content":{"rendered":"\n<p>Les inscriptions se d\u00e9roulent lors du Forum des Associations qui se tient d\u00e9but septembre, la date pr\u00e9cise est communiqu\u00e9e sur le site.<\/p>\n\n\n\n<p>Les <a href=\"https:\/\/rueil-star.com\/site\/index.php\/docs-a-telecharger\/\">\u00e9l\u00e9ments \u00e0 fournir<\/a> sont :<\/p>\n\n\n\n<ul class=\"wp-block-list\">\n<li>La fiche d\u2019inscription<\/li>\n\n\n\n<li><strong>Nouveau <\/strong>: le certificat m\u00e9dical n&rsquo;est plus obligatoire (<a href=\"https:\/\/www.ffta.fr\/nos-clubs\/la-licence-federale\/le-certificat-medical\">source<\/a>) ! \u00c0 condition toutefois de remplir le questionnaire de sant\u00e9, et d&rsquo;avoir r\u00e9pondu \u00ab\u00a0non\u00a0\u00bb \u00e0 toutes les questions. \u00c0 d\u00e9faut vous devrez fournir un certificat m\u00e9dical (mod\u00e8le disponible si besoin dans la section &lsquo;<a href=\"https:\/\/rueil-star.com\/site\/index.php\/docs-a-telecharger\/\">docs \u00e0 t\u00e9l\u00e9charger<\/a>&lsquo;)<\/li>\n\n\n\n<li>Les autorisations de sortie des cours pour les jeunes<\/li>\n\n\n\n<li>Le r\u00e8glement de la cotisation pour l\u2019ann\u00e9e<\/li>\n<\/ul>\n\n\n\n<p>Celui-ci peut s\u2019effectuer en 2 ou 3 fois, le dernier ch\u00e8que (remis le jour de l\u2019inscription) \u00e9tant encaiss\u00e9 avant la fin de l\u2019ann\u00e9e civile de l\u2019inscription. <\/p>\n\n\n\n<p>Pour les r\u00e9inscriptions uniquement, comme l\u2019ann\u00e9e derni\u00e8re, nous remettrons en place le syst\u00e8me de r\u00e9inscription via notre bo\u00eete d\u00e9di\u00e9e qui se trouvera dans notre local du gymnase, d\u00e8s le 2 septembre, date d\u2019ouverture de celui-ci, sauf contre ordre.<br>Exceptionnellement les documents requis pour les r\u00e9inscriptions peuvent \u00e9galement \u00eatre transmis par email \u00e0 : secretaire.tiralarc.rueil@gmail.com<br><\/p>\n\n\n\n<p>Le <a href=\"https:\/\/rueil-star.com\/site\/index.php\/infos-pratiques\/tarifs\/\" data-type=\"link\" data-id=\"https:\/\/rueil-star.com\/site\/index.php\/infos-pratiques\/tarifs\/\">montant de la cotisation<\/a> prend en compte les \u00e9l\u00e9ments suivants :<\/p>\n\n\n\n<ul class=\"wp-block-list\">\n<li> La part club dont le montant est vot\u00e9 chaque ann\u00e9e par l\u2019assembl\u00e9e g\u00e9n\u00e9rale du club (octobre\/novembre)<\/li>\n\n\n\n<li>Les cotisations F\u00e9d\u00e9rales, R\u00e9gionales et D\u00e9partementales fix\u00e9es par les organismes correspondant<\/li>\n\n\n\n<li>Le droit d\u2019entr\u00e9e au club, pr\u00e9lev\u00e9 uniquement lors de l\u2019inscription de l\u2019archer (une seule fois). Il est variable en fonction de l\u2019origine de l\u2019adh\u00e9rent (rueillois ou autre)<\/li>\n\n\n\n<li>Les cours d\u2019initiation pour les nouveaux arrivants encadr\u00e9s toute la saison par un enseignant dipl\u00f4m\u00e9 d\u2019Etat<\/li>\n\n\n\n<li>La location d\u2019un arc pour les plus jeunes (apr\u00e8s la premi\u00e8re ann\u00e9e) <\/li>\n<\/ul>\n\n\n\n<p><\/p>\n","protected":false},"excerpt":{"rendered":"<p>Les inscriptions se d\u00e9roulent lors du Forum des Associations qui se tient d\u00e9but septembre, la date pr\u00e9cise est communiqu\u00e9e sur le site. Les \u00e9l\u00e9ments \u00e0 fournir sont : Celui-ci peut s\u2019effectuer en 2 ou 3 fois, le dernier ch\u00e8que (remis le jour de l\u2019inscription) \u00e9tant encaiss\u00e9 avant la fin de l\u2019ann\u00e9e civile de l\u2019inscription. Pour &hellip; <a href=\"https:\/\/rueil-star.com\/site\/index.php\/la-pratique\/inscription-et-reinscription\/\" class=\"more-link\">Continuer la lecture<span class=\"screen-reader-text\"> de &laquo;&nbsp;Inscription et r\u00e9inscription&nbsp;&raquo;<\/span><\/a><\/p>\n","protected":false},"author":105,"featured_media":0,"parent":343,"menu_order":0,"comment_status":"closed","ping_status":"closed","template":"","meta":{"footnotes":""},"class_list":["post-1118","page","type-page","status-publish","hentry"],"_links":{"self":[{"href":"https:\/\/rueil-star.com\/site\/index.php\/wp-json\/wp\/v2\/pages\/1118","targetHints":{"allow":["GET"]}}],"collection":[{"href":"https:\/\/rueil-star.com\/site\/index.php\/wp-json\/wp\/v2\/pages"}],"about":[{"href":"https:\/\/rueil-star.com\/site\/index.php\/wp-json\/wp\/v2\/types\/page"}],"author":[{"embeddable":true,"href":"https:\/\/rueil-star.com\/site\/index.php\/wp-json\/wp\/v2\/users\/105"}],"replies":[{"embeddable":true,"href":"https:\/\/rueil-star.com\/site\/index.php\/wp-json\/wp\/v2\/comments?post=1118"}],"version-history":[{"count":17,"href":"https:\/\/rueil-star.com\/site\/index.php\/wp-json\/wp\/v2\/pages\/1118\/revisions"}],"predecessor-version":[{"id":2692,"href":"https:\/\/rueil-star.com\/site\/index.php\/wp-json\/wp\/v2\/pages\/1118\/revisions\/2692"}],"up":[{"embeddable":true,"href":"https:\/\/rueil-star.com\/site\/index.php\/wp-json\/wp\/v2\/pages\/343"}],"wp:attachment":[{"href":"https:\/\/rueil-star.com\/site\/index.php\/wp-json\/wp\/v2\/media?parent=1118"}],"curies":[{"name":"wp","href":"https:\/\/api.w.org\/{rel}","templated":true}]}}