{"id":168,"date":"2017-09-08T23:05:40","date_gmt":"2017-09-08T21:05:40","guid":{"rendered":"http:\/\/rueil-star.com\/site\/?page_id=168"},"modified":"2019-10-27T14:21:43","modified_gmt":"2019-10-27T13:21:43","slug":"ledito-du-president","status":"publish","type":"page","link":"https:\/\/rueil-star.com\/site\/index.php\/le-club\/ledito-du-president\/","title":{"rendered":"L&rsquo;Edito du Pr\u00e9sident"},"content":{"rendered":"\n<p>Madame, Monsieur,<\/p>\n\n\n\n<p>Nous sommes heureux de vous accueillir sur le site de la STAR.<\/p>\n\n\n\n<p>Notre club, <a href=\"https:\/\/rueil-star.com\/site\/index.php\/le-club\/histoire-du-club\/\">cr\u00e9\u00e9 en 1984<\/a>, est en perp\u00e9tuelle \u00e9volution de mani\u00e8re \u00e0 proposer \u00e0 tous nos archers un panel, le plus complet possible compte tenu de nos installations, des diff\u00e9rentes disciplines du tir \u00e0 l\u2019arc.<\/p>\n\n\n\n<p>Les comp\u00e9titeurs sont la vitrine de la STAR et \u00e0 ce titre nous avons le plaisir de compter dans nos rangs de fortes individualit\u00e9s avec <a href=\"https:\/\/rueil-star.com\/site\/index.php\/le-club\/nos-stars\/\">des champions nationaux et internationaux<\/a>.<\/p>\n\n\n\n<p>Nous favorisons \u00e9galement la comp\u00e9tition en \u00e9quipe pour laquelle la STAR peut s\u2019enorgueillir d\u2019avoir deux \u00e9quipes parmi l\u2019\u00e9lite, l\u2019une en femmes classiques et l\u2019autre en arcs \u00e0 poulies hommes, toutes les deux en premi\u00e8re division nationale.<\/p>\n\n\n\n<p>Nous avons \u00e9galement une \u00e9quipe masculine classique qui \u00e9volue en Division R\u00e9gionale et qui obtient de tr\u00e8s bons r\u00e9sultats.<\/p>\n\n\n\n<p>Les jeunes qui constituent pr\u00e8s de 50% de nos adh\u00e9rents sont fid\u00e8les \u00e0 notre club et y trouvent la d\u00e9tente et le plaisir de se retrouver chaque semaine, les plus \u00ab mordus \u00bb se dirigeant vers la comp\u00e9tition.<\/p>\n\n\n\n<p>Nous avons \u00e9galement de tr\u00e8s bons repr\u00e9sentants dans des disciplines de parcours, campagne et 3D notamment.<\/p>\n\n\n\n<p>Nous esp\u00e9rons que vous prendrez plaisir \u00e0 d\u00e9couvrir notre club et ses installations ext\u00e9rieures de haut de gamme et que vous nous rejoindrez tr\u00e8s rapidement pour d\u00e9couvrir cette discipline pour les d\u00e9butants ou pour grossir le rang de nos comp\u00e9titeurs pour les confirm\u00e9s.<\/p>\n\n\n\n<p>Nous vous souhaitons une excellente ann\u00e9e sportive.<\/p>\n\n\n\n<p class=\"has-text-align-right\">Christian Delobelle, Pr\u00e9sident<\/p>\n","protected":false},"excerpt":{"rendered":"<p>Madame, Monsieur, Nous sommes heureux de vous accueillir sur le site de la STAR. Notre club, cr\u00e9\u00e9 en 1984, est en perp\u00e9tuelle \u00e9volution de mani\u00e8re \u00e0 proposer \u00e0 tous nos archers un panel, le plus complet possible compte tenu de nos installations, des diff\u00e9rentes disciplines du tir \u00e0 l\u2019arc. Les comp\u00e9titeurs sont la vitrine de &hellip; <a href=\"https:\/\/rueil-star.com\/site\/index.php\/le-club\/ledito-du-president\/\" class=\"more-link\">Continuer la lecture<span class=\"screen-reader-text\"> de &laquo;&nbsp;L&rsquo;Edito du Pr\u00e9sident&nbsp;&raquo;<\/span><\/a><\/p>\n","protected":false},"author":2,"featured_media":0,"parent":189,"menu_order":0,"comment_status":"closed","ping_status":"closed","template":"","meta":{"footnotes":""},"class_list":["post-168","page","type-page","status-publish","hentry"],"_links":{"self":[{"href":"https:\/\/rueil-star.com\/site\/index.php\/wp-json\/wp\/v2\/pages\/168","targetHints":{"allow":["GET"]}}],"collection":[{"href":"https:\/\/rueil-star.com\/site\/index.php\/wp-json\/wp\/v2\/pages"}],"about":[{"href":"https:\/\/rueil-star.com\/site\/index.php\/wp-json\/wp\/v2\/types\/page"}],"author":[{"embeddable":true,"href":"https:\/\/rueil-star.com\/site\/index.php\/wp-json\/wp\/v2\/users\/2"}],"replies":[{"embeddable":true,"href":"https:\/\/rueil-star.com\/site\/index.php\/wp-json\/wp\/v2\/comments?post=168"}],"version-history":[{"count":7,"href":"https:\/\/rueil-star.com\/site\/index.php\/wp-json\/wp\/v2\/pages\/168\/revisions"}],"predecessor-version":[{"id":1742,"href":"https:\/\/rueil-star.com\/site\/index.php\/wp-json\/wp\/v2\/pages\/168\/revisions\/1742"}],"up":[{"embeddable":true,"href":"https:\/\/rueil-star.com\/site\/index.php\/wp-json\/wp\/v2\/pages\/189"}],"wp:attachment":[{"href":"https:\/\/rueil-star.com\/site\/index.php\/wp-json\/wp\/v2\/media?parent=168"}],"curies":[{"name":"wp","href":"https:\/\/api.w.org\/{rel}","templated":true}]}}