{"id":1691,"date":"2019-10-20T20:52:05","date_gmt":"2019-10-20T18:52:05","guid":{"rendered":"http:\/\/rueil-star.com\/site\/?page_id=1691"},"modified":"2025-10-11T09:46:23","modified_gmt":"2025-10-11T07:46:23","slug":"docs-a-telecharger","status":"publish","type":"page","link":"https:\/\/rueil-star.com\/site\/index.php\/docs-a-telecharger\/","title":{"rendered":"Docs \u00e0 t\u00e9l\u00e9charger"},"content":{"rendered":"\n<div class=\"wp-block-file\"><a id=\"wp-block-file--media-4c7b2dea-b1a6-4474-8b64-c4595e6d6b60\" href=\"https:\/\/rueil-star.com\/site\/wp-content\/uploads\/2025\/08\/Formulaire-cre\u0301ation-renouvellement-licence-V5.pdf\">Formulaire cre\u0301ation de licence 2025<\/a><a href=\"https:\/\/rueil-star.com\/site\/wp-content\/uploads\/2025\/08\/Formulaire-cre\u0301ation-renouvellement-licence-V5.pdf\" class=\"wp-block-file__button\" download aria-describedby=\"wp-block-file--media-4c7b2dea-b1a6-4474-8b64-c4595e6d6b60\">T\u00e9l\u00e9charger<\/a><\/div>\n\n\n\n<div class=\"wp-block-file\"><a id=\"wp-block-file--media-78a81fe9-d70c-4369-b8cc-33b5d3fd2bd1\" href=\"https:\/\/rueil-star.com\/site\/wp-content\/uploads\/2025\/08\/Questionnaire-de-sante\u0301-MAJEUR-ET-MINEUR.pdf\">Questionnaire de sante\u0301 MAJEUR ET MINEUR<\/a><a href=\"https:\/\/rueil-star.com\/site\/wp-content\/uploads\/2025\/08\/Questionnaire-de-sante\u0301-MAJEUR-ET-MINEUR.pdf\" class=\"wp-block-file__button\" download aria-describedby=\"wp-block-file--media-78a81fe9-d70c-4369-b8cc-33b5d3fd2bd1\">T\u00e9l\u00e9charger<\/a><\/div>\n\n\n\n<div class=\"wp-block-file\"><a id=\"wp-block-file--media-f2e7484c-9ff5-4eeb-a324-d08f2ffb1bda\" href=\"https:\/\/rueil-star.com\/site\/wp-content\/uploads\/2019\/10\/exemple-cm.pdf\">Mod\u00e8le de certificat m\u00e9dical<\/a><a href=\"https:\/\/rueil-star.com\/site\/wp-content\/uploads\/2019\/10\/exemple-cm.pdf\" class=\"wp-block-file__button\" download aria-describedby=\"wp-block-file--media-f2e7484c-9ff5-4eeb-a324-d08f2ffb1bda\">T\u00e9l\u00e9charger<\/a><\/div>\n\n\n\n<div class=\"wp-block-file\"><a id=\"wp-block-file--media-0872aa81-1686-42bd-90d9-e0909cf7e4dc\" href=\"https:\/\/rueil-star.com\/site\/wp-content\/uploads\/2019\/10\/ficheattestation-1.pdf\">Attestation pour mineurs<\/a><a href=\"https:\/\/rueil-star.com\/site\/wp-content\/uploads\/2019\/10\/ficheattestation-1.pdf\" class=\"wp-block-file__button\" download aria-describedby=\"wp-block-file--media-0872aa81-1686-42bd-90d9-e0909cf7e4dc\">T\u00e9l\u00e9charger<\/a><\/div>\n\n\n\n<div class=\"wp-block-file\"><a id=\"wp-block-file--media-103469dd-3791-438a-9db4-88e47bc1430b\" href=\"https:\/\/rueil-star.com\/site\/wp-content\/uploads\/2024\/08\/Notice-Assurance-2022-2026-1.pdf\">Notice Assurance 2022-2026<\/a><a href=\"https:\/\/rueil-star.com\/site\/wp-content\/uploads\/2024\/08\/Notice-Assurance-2022-2026-1.pdf\" class=\"wp-block-file__button\" download aria-describedby=\"wp-block-file--media-103469dd-3791-438a-9db4-88e47bc1430b\">T\u00e9l\u00e9charger<\/a><\/div>\n\n\n\n<div class=\"wp-block-file\"><a id=\"wp-block-file--media-b40e4aa1-ce18-4747-9c53-811671dba4db\" href=\"https:\/\/rueil-star.com\/site\/wp-content\/uploads\/2025\/08\/Remboursement_STAR_2025.pdf\">Remboursements Championnat de France 2025<\/a><a href=\"https:\/\/rueil-star.com\/site\/wp-content\/uploads\/2025\/08\/Remboursement_STAR_2025.pdf\" class=\"wp-block-file__button\" download aria-describedby=\"wp-block-file--media-b40e4aa1-ce18-4747-9c53-811671dba4db\">T\u00e9l\u00e9charger<\/a><\/div>\n\n\n\n<div class=\"wp-block-file\"><a id=\"wp-block-file--media-e32aebdd-c918-4187-87fd-ddb3b00d056b\" href=\"https:\/\/rueil-star.com\/site\/wp-content\/uploads\/2025\/10\/Mandat-STAR-2025-11.pdf\">Mandat Concours Salle STAR 2025<\/a><a href=\"https:\/\/rueil-star.com\/site\/wp-content\/uploads\/2025\/10\/Mandat-STAR-2025-11.pdf\" class=\"wp-block-file__button\" download aria-describedby=\"wp-block-file--media-e32aebdd-c918-4187-87fd-ddb3b00d056b\">T\u00e9l\u00e9charger<\/a><\/div>\n\n\n\n<div class=\"wp-block-file\"><a id=\"wp-block-file--media-67293de3-c12d-4b36-a376-f852217d1752\" href=\"https:\/\/rueil-star.com\/site\/wp-content\/uploads\/2024\/11\/Classement-Qualificatif.pdf\">Classement Officiel Concours Salle STAR 2024<\/a><a href=\"https:\/\/rueil-star.com\/site\/wp-content\/uploads\/2024\/11\/Classement-Qualificatif.pdf\" class=\"wp-block-file__button\" download aria-describedby=\"wp-block-file--media-67293de3-c12d-4b36-a376-f852217d1752\">T\u00e9l\u00e9charger<\/a><\/div>\n\n\n\n<div class=\"wp-block-file\"><a id=\"wp-block-file--media-45739725-4ed7-447e-a4c8-95d5add8e250\" href=\"https:\/\/rueil-star.com\/site\/wp-content\/uploads\/2024\/11\/Classement-qualificatif-autres-tirs-.pdf\">Classement Officiel Concours Salle STAR 2024 &#8211; autres tirs<\/a><a href=\"https:\/\/rueil-star.com\/site\/wp-content\/uploads\/2024\/11\/Classement-qualificatif-autres-tirs-.pdf\" class=\"wp-block-file__button\" download aria-describedby=\"wp-block-file--media-45739725-4ed7-447e-a4c8-95d5add8e250\">T\u00e9l\u00e9charger<\/a><\/div>\n\n\n\n<p><\/p>\n","protected":false},"excerpt":{"rendered":"","protected":false},"author":89,"featured_media":0,"parent":0,"menu_order":0,"comment_status":"closed","ping_status":"closed","template":"","meta":{"footnotes":""},"class_list":["post-1691","page","type-page","status-publish","hentry"],"_links":{"self":[{"href":"https:\/\/rueil-star.com\/site\/index.php\/wp-json\/wp\/v2\/pages\/1691","targetHints":{"allow":["GET"]}}],"collection":[{"href":"https:\/\/rueil-star.com\/site\/index.php\/wp-json\/wp\/v2\/pages"}],"about":[{"href":"https:\/\/rueil-star.com\/site\/index.php\/wp-json\/wp\/v2\/types\/page"}],"author":[{"embeddable":true,"href":"https:\/\/rueil-star.com\/site\/index.php\/wp-json\/wp\/v2\/users\/89"}],"replies":[{"embeddable":true,"href":"https:\/\/rueil-star.com\/site\/index.php\/wp-json\/wp\/v2\/comments?post=1691"}],"version-history":[{"count":32,"href":"https:\/\/rueil-star.com\/site\/index.php\/wp-json\/wp\/v2\/pages\/1691\/revisions"}],"predecessor-version":[{"id":2487,"href":"https:\/\/rueil-star.com\/site\/index.php\/wp-json\/wp\/v2\/pages\/1691\/revisions\/2487"}],"wp:attachment":[{"href":"https:\/\/rueil-star.com\/site\/index.php\/wp-json\/wp\/v2\/media?parent=1691"}],"curies":[{"name":"wp","href":"https:\/\/api.w.org\/{rel}","templated":true}]}}