{"id":2206,"date":"2023-03-04T00:19:09","date_gmt":"2023-03-03T23:19:09","guid":{"rendered":"http:\/\/rueil-star.com\/site\/?page_id=2206"},"modified":"2023-03-13T09:35:30","modified_gmt":"2023-03-13T08:35:30","slug":"fevrier-2023-initiation-college-marcel-pagnol","status":"publish","type":"page","link":"https:\/\/rueil-star.com\/site\/index.php\/fevrier-2023-initiation-college-marcel-pagnol\/","title":{"rendered":"F\u00e9vrier 2023 &#8211; Initiation coll\u00e8ge Marcel Pagnol"},"content":{"rendered":"\n<p>Vingt-six \u00e9l\u00e8ves de 6\u00e8me du coll\u00e8ge Marcel Pagnol (Rueil-Malmaison) ont eu l&rsquo;occasion de s&rsquo;initier au tir \u00e0 l&rsquo;arc dans le cadre de leur d\u00e9couverte des sports Olympiques, encadr\u00e9s par Charles Corbez et S\u00e9bastien Peineau. Merci \u00e0 leur enseignante Oph\u00e9lie Garnot.<\/p>\n\n\n\n<figure class=\"wp-block-gallery has-nested-images columns-2 is-cropped wp-block-gallery-1 is-layout-flex wp-block-gallery-is-layout-flex\">\n<figure class=\"wp-block-image size-large\"><a href=\"https:\/\/rueil-star.com\/site\/wp-content\/uploads\/2023\/03\/20230213_140122-scaled.jpg\" target=\"_blank\" rel=\"noopener\"><img loading=\"lazy\" decoding=\"async\" width=\"1024\" height=\"810\" data-id=\"2207\" src=\"https:\/\/rueil-star.com\/site\/wp-content\/uploads\/2023\/03\/20230213_140122-1024x810.jpg\" alt=\"\" class=\"wp-image-2207\" srcset=\"https:\/\/rueil-star.com\/site\/wp-content\/uploads\/2023\/03\/20230213_140122-1024x810.jpg 1024w, https:\/\/rueil-star.com\/site\/wp-content\/uploads\/2023\/03\/20230213_140122-300x237.jpg 300w, https:\/\/rueil-star.com\/site\/wp-content\/uploads\/2023\/03\/20230213_140122-768x607.jpg 768w, https:\/\/rueil-star.com\/site\/wp-content\/uploads\/2023\/03\/20230213_140122-1536x1214.jpg 1536w, https:\/\/rueil-star.com\/site\/wp-content\/uploads\/2023\/03\/20230213_140122-2048x1619.jpg 2048w, https:\/\/rueil-star.com\/site\/wp-content\/uploads\/2023\/03\/20230213_140122-1200x949.jpg 1200w\" sizes=\"auto, (max-width: 709px) 85vw, (max-width: 909px) 67vw, (max-width: 1362px) 62vw, 840px\" \/><\/a><\/figure>\n\n\n\n<figure class=\"wp-block-image size-large\"><a href=\"https:\/\/rueil-star.com\/site\/wp-content\/uploads\/2023\/03\/20230213_141157-scaled.jpg\" target=\"_blank\" rel=\"noopener\"><img loading=\"lazy\" decoding=\"async\" width=\"1024\" height=\"753\" data-id=\"2212\" src=\"https:\/\/rueil-star.com\/site\/wp-content\/uploads\/2023\/03\/20230213_141157-1024x753.jpg\" alt=\"\" class=\"wp-image-2212\" srcset=\"https:\/\/rueil-star.com\/site\/wp-content\/uploads\/2023\/03\/20230213_141157-1024x753.jpg 1024w, https:\/\/rueil-star.com\/site\/wp-content\/uploads\/2023\/03\/20230213_141157-300x221.jpg 300w, https:\/\/rueil-star.com\/site\/wp-content\/uploads\/2023\/03\/20230213_141157-768x565.jpg 768w, https:\/\/rueil-star.com\/site\/wp-content\/uploads\/2023\/03\/20230213_141157-1536x1129.jpg 1536w, https:\/\/rueil-star.com\/site\/wp-content\/uploads\/2023\/03\/20230213_141157-2048x1506.jpg 2048w, https:\/\/rueil-star.com\/site\/wp-content\/uploads\/2023\/03\/20230213_141157-1200x882.jpg 1200w\" sizes=\"auto, (max-width: 709px) 85vw, (max-width: 909px) 67vw, (max-width: 1362px) 62vw, 840px\" \/><\/a><\/figure>\n\n\n\n<figure class=\"wp-block-image size-large\"><a href=\"https:\/\/rueil-star.com\/site\/wp-content\/uploads\/2023\/03\/20230213_142851-scaled.jpg\" target=\"_blank\" rel=\"noopener\"><img loading=\"lazy\" decoding=\"async\" width=\"1024\" height=\"848\" data-id=\"2213\" src=\"https:\/\/rueil-star.com\/site\/wp-content\/uploads\/2023\/03\/20230213_142851-1024x848.jpg\" alt=\"\" class=\"wp-image-2213\" srcset=\"https:\/\/rueil-star.com\/site\/wp-content\/uploads\/2023\/03\/20230213_142851-1024x848.jpg 1024w, https:\/\/rueil-star.com\/site\/wp-content\/uploads\/2023\/03\/20230213_142851-300x249.jpg 300w, https:\/\/rueil-star.com\/site\/wp-content\/uploads\/2023\/03\/20230213_142851-768x636.jpg 768w, https:\/\/rueil-star.com\/site\/wp-content\/uploads\/2023\/03\/20230213_142851-1536x1273.jpg 1536w, https:\/\/rueil-star.com\/site\/wp-content\/uploads\/2023\/03\/20230213_142851-2048x1697.jpg 2048w, https:\/\/rueil-star.com\/site\/wp-content\/uploads\/2023\/03\/20230213_142851-1200x994.jpg 1200w\" sizes=\"auto, (max-width: 709px) 85vw, (max-width: 909px) 67vw, (max-width: 1362px) 62vw, 840px\" \/><\/a><\/figure>\n\n\n\n<figure class=\"wp-block-image size-large\"><a href=\"https:\/\/rueil-star.com\/site\/wp-content\/uploads\/2023\/03\/20230213_144746-scaled.jpg\" target=\"_blank\" rel=\"noopener\"><img loading=\"lazy\" decoding=\"async\" width=\"1024\" height=\"788\" data-id=\"2214\" src=\"https:\/\/rueil-star.com\/site\/wp-content\/uploads\/2023\/03\/20230213_144746-1024x788.jpg\" alt=\"\" class=\"wp-image-2214\" srcset=\"https:\/\/rueil-star.com\/site\/wp-content\/uploads\/2023\/03\/20230213_144746-1024x788.jpg 1024w, https:\/\/rueil-star.com\/site\/wp-content\/uploads\/2023\/03\/20230213_144746-300x231.jpg 300w, https:\/\/rueil-star.com\/site\/wp-content\/uploads\/2023\/03\/20230213_144746-768x591.jpg 768w, https:\/\/rueil-star.com\/site\/wp-content\/uploads\/2023\/03\/20230213_144746-1536x1182.jpg 1536w, https:\/\/rueil-star.com\/site\/wp-content\/uploads\/2023\/03\/20230213_144746-2048x1575.jpg 2048w, https:\/\/rueil-star.com\/site\/wp-content\/uploads\/2023\/03\/20230213_144746-1200x923.jpg 1200w\" sizes=\"auto, (max-width: 709px) 85vw, (max-width: 909px) 67vw, (max-width: 1362px) 62vw, 840px\" \/><\/a><\/figure>\n\n\n\n<figure class=\"wp-block-image size-large\"><a href=\"https:\/\/rueil-star.com\/site\/wp-content\/uploads\/2023\/03\/20230213_151128-scaled.jpg\" target=\"_blank\" rel=\"noopener\"><img loading=\"lazy\" decoding=\"async\" width=\"1024\" height=\"577\" data-id=\"2215\" src=\"https:\/\/rueil-star.com\/site\/wp-content\/uploads\/2023\/03\/20230213_151128-1024x577.jpg\" alt=\"\" class=\"wp-image-2215\" srcset=\"https:\/\/rueil-star.com\/site\/wp-content\/uploads\/2023\/03\/20230213_151128-1024x577.jpg 1024w, https:\/\/rueil-star.com\/site\/wp-content\/uploads\/2023\/03\/20230213_151128-300x169.jpg 300w, https:\/\/rueil-star.com\/site\/wp-content\/uploads\/2023\/03\/20230213_151128-768x432.jpg 768w, https:\/\/rueil-star.com\/site\/wp-content\/uploads\/2023\/03\/20230213_151128-1536x865.jpg 1536w, https:\/\/rueil-star.com\/site\/wp-content\/uploads\/2023\/03\/20230213_151128-2048x1153.jpg 2048w, https:\/\/rueil-star.com\/site\/wp-content\/uploads\/2023\/03\/20230213_151128-1200x676.jpg 1200w\" sizes=\"auto, (max-width: 709px) 85vw, (max-width: 909px) 67vw, (max-width: 1362px) 62vw, 840px\" \/><\/a><\/figure>\n\n\n\n<figure class=\"wp-block-image size-large\"><a href=\"https:\/\/rueil-star.com\/site\/wp-content\/uploads\/2023\/03\/20230213_151535-scaled.jpg\" target=\"_blank\" rel=\"noopener\"><img loading=\"lazy\" decoding=\"async\" width=\"1024\" height=\"768\" data-id=\"2216\" src=\"https:\/\/rueil-star.com\/site\/wp-content\/uploads\/2023\/03\/20230213_151535-1024x768.jpg\" alt=\"\" class=\"wp-image-2216\" srcset=\"https:\/\/rueil-star.com\/site\/wp-content\/uploads\/2023\/03\/20230213_151535-1024x768.jpg 1024w, https:\/\/rueil-star.com\/site\/wp-content\/uploads\/2023\/03\/20230213_151535-300x225.jpg 300w, https:\/\/rueil-star.com\/site\/wp-content\/uploads\/2023\/03\/20230213_151535-768x576.jpg 768w, https:\/\/rueil-star.com\/site\/wp-content\/uploads\/2023\/03\/20230213_151535-1536x1152.jpg 1536w, https:\/\/rueil-star.com\/site\/wp-content\/uploads\/2023\/03\/20230213_151535-2048x1536.jpg 2048w, https:\/\/rueil-star.com\/site\/wp-content\/uploads\/2023\/03\/20230213_151535-1200x900.jpg 1200w\" sizes=\"auto, (max-width: 709px) 85vw, (max-width: 909px) 67vw, (max-width: 1362px) 62vw, 840px\" \/><\/a><\/figure>\n\n\n\n<figure class=\"wp-block-image size-large\"><a href=\"https:\/\/rueil-star.com\/site\/wp-content\/uploads\/2023\/03\/20230213_151614-scaled.jpg\" target=\"_blank\" rel=\"noopener\"><img loading=\"lazy\" decoding=\"async\" width=\"768\" height=\"1024\" data-id=\"2217\" src=\"https:\/\/rueil-star.com\/site\/wp-content\/uploads\/2023\/03\/20230213_151614-768x1024.jpg\" alt=\"\" class=\"wp-image-2217\" srcset=\"https:\/\/rueil-star.com\/site\/wp-content\/uploads\/2023\/03\/20230213_151614-768x1024.jpg 768w, https:\/\/rueil-star.com\/site\/wp-content\/uploads\/2023\/03\/20230213_151614-225x300.jpg 225w, https:\/\/rueil-star.com\/site\/wp-content\/uploads\/2023\/03\/20230213_151614-1152x1536.jpg 1152w, https:\/\/rueil-star.com\/site\/wp-content\/uploads\/2023\/03\/20230213_151614-1536x2048.jpg 1536w, https:\/\/rueil-star.com\/site\/wp-content\/uploads\/2023\/03\/20230213_151614-1200x1600.jpg 1200w, https:\/\/rueil-star.com\/site\/wp-content\/uploads\/2023\/03\/20230213_151614-scaled.jpg 1920w\" sizes=\"auto, (max-width: 768px) 85vw, 768px\" \/><\/a><\/figure>\n\n\n\n<figure class=\"wp-block-image size-large\"><a href=\"https:\/\/rueil-star.com\/site\/wp-content\/uploads\/2023\/03\/20230213_162159-1-scaled.jpg\" target=\"_blank\" rel=\"noopener\"><img loading=\"lazy\" decoding=\"async\" width=\"1024\" height=\"768\" data-id=\"2218\" src=\"https:\/\/rueil-star.com\/site\/wp-content\/uploads\/2023\/03\/20230213_162159-1-1024x768.jpg\" alt=\"\" class=\"wp-image-2218\" srcset=\"https:\/\/rueil-star.com\/site\/wp-content\/uploads\/2023\/03\/20230213_162159-1-1024x768.jpg 1024w, https:\/\/rueil-star.com\/site\/wp-content\/uploads\/2023\/03\/20230213_162159-1-300x225.jpg 300w, https:\/\/rueil-star.com\/site\/wp-content\/uploads\/2023\/03\/20230213_162159-1-768x576.jpg 768w, https:\/\/rueil-star.com\/site\/wp-content\/uploads\/2023\/03\/20230213_162159-1-1536x1152.jpg 1536w, https:\/\/rueil-star.com\/site\/wp-content\/uploads\/2023\/03\/20230213_162159-1-2048x1536.jpg 2048w, https:\/\/rueil-star.com\/site\/wp-content\/uploads\/2023\/03\/20230213_162159-1-1200x900.jpg 1200w\" sizes=\"auto, (max-width: 709px) 85vw, (max-width: 909px) 67vw, (max-width: 1362px) 62vw, 840px\" \/><\/a><\/figure>\n\n\n\n<figure class=\"wp-block-image size-large\"><a href=\"https:\/\/rueil-star.com\/site\/wp-content\/uploads\/2023\/03\/20230213_165043-scaled.jpg\" target=\"_blank\" rel=\"noopener\"><img loading=\"lazy\" decoding=\"async\" width=\"1024\" height=\"773\" data-id=\"2219\" src=\"https:\/\/rueil-star.com\/site\/wp-content\/uploads\/2023\/03\/20230213_165043-1024x773.jpg\" alt=\"\" class=\"wp-image-2219\" srcset=\"https:\/\/rueil-star.com\/site\/wp-content\/uploads\/2023\/03\/20230213_165043-1024x773.jpg 1024w, https:\/\/rueil-star.com\/site\/wp-content\/uploads\/2023\/03\/20230213_165043-300x226.jpg 300w, https:\/\/rueil-star.com\/site\/wp-content\/uploads\/2023\/03\/20230213_165043-768x580.jpg 768w, https:\/\/rueil-star.com\/site\/wp-content\/uploads\/2023\/03\/20230213_165043-1536x1160.jpg 1536w, https:\/\/rueil-star.com\/site\/wp-content\/uploads\/2023\/03\/20230213_165043-2048x1546.jpg 2048w, https:\/\/rueil-star.com\/site\/wp-content\/uploads\/2023\/03\/20230213_165043-1200x906.jpg 1200w\" sizes=\"auto, (max-width: 709px) 85vw, (max-width: 909px) 67vw, (max-width: 1362px) 62vw, 840px\" \/><\/a><\/figure>\n\n\n\n<figure class=\"wp-block-image size-large\"><a href=\"https:\/\/rueil-star.com\/site\/wp-content\/uploads\/2023\/03\/20230213_165205-scaled.jpg\" target=\"_blank\" rel=\"noopener\"><img loading=\"lazy\" decoding=\"async\" width=\"768\" height=\"1024\" data-id=\"2220\" src=\"https:\/\/rueil-star.com\/site\/wp-content\/uploads\/2023\/03\/20230213_165205-768x1024.jpg\" alt=\"\" class=\"wp-image-2220\" srcset=\"https:\/\/rueil-star.com\/site\/wp-content\/uploads\/2023\/03\/20230213_165205-768x1024.jpg 768w, https:\/\/rueil-star.com\/site\/wp-content\/uploads\/2023\/03\/20230213_165205-225x300.jpg 225w, https:\/\/rueil-star.com\/site\/wp-content\/uploads\/2023\/03\/20230213_165205-1152x1536.jpg 1152w, https:\/\/rueil-star.com\/site\/wp-content\/uploads\/2023\/03\/20230213_165205-1536x2048.jpg 1536w, https:\/\/rueil-star.com\/site\/wp-content\/uploads\/2023\/03\/20230213_165205-1200x1600.jpg 1200w, https:\/\/rueil-star.com\/site\/wp-content\/uploads\/2023\/03\/20230213_165205-scaled.jpg 1920w\" sizes=\"auto, (max-width: 768px) 85vw, 768px\" \/><\/a><\/figure>\n<\/figure>\n","protected":false},"excerpt":{"rendered":"<p>Vingt-six \u00e9l\u00e8ves de 6\u00e8me du coll\u00e8ge Marcel Pagnol (Rueil-Malmaison) ont eu l&rsquo;occasion de s&rsquo;initier au tir \u00e0 l&rsquo;arc dans le cadre de leur d\u00e9couverte des sports Olympiques, encadr\u00e9s par Charles Corbez et S\u00e9bastien Peineau. Merci \u00e0 leur enseignante Oph\u00e9lie Garnot.<\/p>\n","protected":false},"author":89,"featured_media":0,"parent":0,"menu_order":0,"comment_status":"closed","ping_status":"closed","template":"","meta":{"footnotes":""},"class_list":["post-2206","page","type-page","status-publish","hentry"],"_links":{"self":[{"href":"https:\/\/rueil-star.com\/site\/index.php\/wp-json\/wp\/v2\/pages\/2206","targetHints":{"allow":["GET"]}}],"collection":[{"href":"https:\/\/rueil-star.com\/site\/index.php\/wp-json\/wp\/v2\/pages"}],"about":[{"href":"https:\/\/rueil-star.com\/site\/index.php\/wp-json\/wp\/v2\/types\/page"}],"author":[{"embeddable":true,"href":"https:\/\/rueil-star.com\/site\/index.php\/wp-json\/wp\/v2\/users\/89"}],"replies":[{"embeddable":true,"href":"https:\/\/rueil-star.com\/site\/index.php\/wp-json\/wp\/v2\/comments?post=2206"}],"version-history":[{"count":6,"href":"https:\/\/rueil-star.com\/site\/index.php\/wp-json\/wp\/v2\/pages\/2206\/revisions"}],"predecessor-version":[{"id":2249,"href":"https:\/\/rueil-star.com\/site\/index.php\/wp-json\/wp\/v2\/pages\/2206\/revisions\/2249"}],"wp:attachment":[{"href":"https:\/\/rueil-star.com\/site\/index.php\/wp-json\/wp\/v2\/media?parent=2206"}],"curies":[{"name":"wp","href":"https:\/\/api.w.org\/{rel}","templated":true}]}}