{"id":2688,"date":"2026-03-18T17:29:46","date_gmt":"2026-03-18T16:29:46","guid":{"rendered":"https:\/\/rueil-star.com\/site\/?page_id=2688"},"modified":"2026-03-18T17:29:47","modified_gmt":"2026-03-18T16:29:47","slug":"tarifs","status":"publish","type":"page","link":"https:\/\/rueil-star.com\/site\/index.php\/infos-pratiques\/tarifs\/","title":{"rendered":"Tarifs 2025-2026"},"content":{"rendered":"\n<figure class=\"wp-block-table\"><table><tbody><tr><td><strong>TYPE DE LICENCE<\/strong><\/td><td class=\"has-text-align-left\" data-align=\"left\"> <strong>FFTA <\/strong><\/td><td><strong>R\u00e9gion<\/strong><\/td><td><strong>D\u00e9partemen<\/strong>t<\/td><td><strong>TOTAL LICENCE<\/strong><\/td><td> <strong>Part club&nbsp;*<\/strong><\/td><td><strong>TOTAL<\/strong><\/td><\/tr><tr><td> Adulte valide comp\u00e9tition&nbsp;<strong>(c)<\/strong><\/td><td class=\"has-text-align-left\" data-align=\"left\">46,00 \u20ac<\/td><td>20,00 \u20ac<\/td><td>13,50 \u20ac<\/td><td><strong><span style=\"color: #ff0000;\">79,50 \u20ac<\/span><\/strong><\/td><td>115,00 \u20ac<\/td><td><strong>194,50 \u20ac<\/strong><\/td><\/tr><tr><td>Adulte valide club<\/td><td class=\"has-text-align-left\" data-align=\"left\">38,00 \u20ac<\/td><td>16,00 \u20ac<\/td><td>13,00 \u20ac<\/td><td><span style=\"color: #ff0000;\"><strong>67,00 \u20ac<\/strong><\/span><\/td><td>115,00 \u20ac<\/td><td><strong>182,00 \u20ac<\/strong><\/td><\/tr><tr><td>Adulte valide sans pratique<\/td><td class=\"has-text-align-left\" data-align=\"left\">29,00 \u20ac<\/td><td>5,00 \u20ac<\/td><td>5,00 \u20ac<\/td><td><span style=\"color: #ff0000;\"><strong>39,00 \u20ac<\/strong><\/span><\/td><td>115,00 \u20ac<\/td><td><strong>154,00 \u20ac <\/strong><\/td><\/tr><tr><td>Adulte Handi. FFSA<\/td><td class=\"has-text-align-left\" data-align=\"left\">16,00 \u20ac<\/td><td>2,00 \u20ac<\/td><td>2,00 \u20ac<\/td><td><span style=\"color: #ff0000;\"><strong>20,00 \u20ac<\/strong><\/span><\/td><td>50,00 \u20ac<\/td><td><strong>70,00 \u20ac<\/strong><\/td><\/tr><tr><td>Jeune&nbsp;<strong>* (d)<\/strong><\/td><td class=\"has-text-align-left\" data-align=\"left\">28,00 \u20ac<\/td><td>16,00 \u20ac<\/td><td>10,00 \u20ac<\/td><td><span style=\"color: #ff0000;\"><strong>54,00 \u20ac<\/strong><\/span><\/td><td>115,00 \u20ac<\/td><td><strong>169,00 \u20ac<\/strong><\/td><\/tr><tr><td>Poussin *<\/td><td class=\"has-text-align-left\" data-align=\"left\">19,00 \u20ac<\/td><td>7,00 \u20ac<\/td><td>5,00 \u20ac<\/td><td><strong><span style=\"color: #ff0000;\">31,00 \u20ac<\/span><\/strong><\/td><td>115,00 \u20ac<\/td><td><strong>146,00 \u20ac<\/strong><\/td><\/tr><tr><td>D\u00e9couverte <\/td><td class=\"has-text-align-left\" data-align=\"left\">17,00 \u20ac<\/td><td>3,00 \u20ac<\/td><td>2,00 \u20ac<\/td><td><strong><span style=\"color: #ff0000;\">22,00 \u20ac<\/span><\/strong><\/td><td>50,00 \u20ac<\/td><td><strong>72,00 \u20ac<\/strong><\/td><\/tr><\/tbody><\/table><\/figure>\n\n\n\n<figure class=\"wp-block-table\"><table><tbody><tr><td><span style=\"font-size: 10pt; font-family: Tahoma, Arial, Helvetica, sans-serif;\">Droit d&rsquo;entr\u00e9e <strong>(a)<\/strong><\/span><\/td><td><span style=\"font-size: 10pt; font-family: Tahoma, Arial, Helvetica, sans-serif;\">25\u20ac Rueillois<\/span><\/td><td><span style=\"font-size: 10pt; font-family: Tahoma, Arial, Helvetica, sans-serif;\">35\u20ac Autres communes<\/span><\/td><\/tr><tr><td><span style=\"font-size: 10pt; font-family: Tahoma, Arial, Helvetica, sans-serif;\">Location arc jeunes\/an<\/span><\/td><td><span style=\"font-size: 10pt; font-family: Tahoma, Arial, Helvetica, sans-serif;\">voir sur place<\/span><\/td><\/tr><tr><td><span style=\"font-size: 10pt; font-family: Tahoma, Arial, Helvetica, sans-serif;\">Cours d\u00e9butant <strong>(b)<\/strong><\/span><\/td><td><span style=\"font-size: 10pt; font-family: Tahoma, Arial, Helvetica, sans-serif;\"><strong>100 \u20ac<\/strong> (2 heures\/semaine &#8211; mercredi ou samedi) &#8211; <strong>160 \u20ac<\/strong> (2 fois 2 h\/semaine &#8211; lundi et jeudi)<\/span><\/td><\/tr><tr><td><span style=\"font-size: 10pt; font-family: Tahoma, Arial, Helvetica, sans-serif;\">2\u00e8me compagnie <strong>**<\/strong><\/span><\/td><td><span style=\"font-size: 10pt; font-family: Tahoma, Arial, Helvetica, sans-serif;\">10\u20ac\/mois<\/span><\/td><\/tr><\/tbody><\/table><\/figure>\n\n\n\n<figure class=\"wp-block-table\"><table><tbody><tr><td><span style=\"font-size: 10pt; font-family: Tahoma, Arial, Helvetica, sans-serif;\"><strong>*<\/strong> Jeunes n\u00e9s apr\u00e8s le 1er janvier 2006<br>Poussins n\u00e9s apr\u00e8s le 1er janvier 2016<\/span><\/td><\/tr><tr><td><span style=\"font-size: 10pt; font-family: Tahoma, Arial, Helvetica, sans-serif;\"><strong>**<\/strong> : avec un maximum de 100 \u20ac pour l&rsquo;ann\u00e9e<\/span><\/td><\/tr><tr><td>&nbsp;<\/td><\/tr><tr><td><span style=\"font-size: 10pt; font-family: Tahoma, Arial, Helvetica, sans-serif;\">R\u00e9duction familiale 2\u00e8me archer sur part club : 10 \u20ac<\/span><\/td><\/tr><tr><td><span style=\"font-size: 10pt; font-family: Tahoma, Arial, Helvetica, sans-serif;\">R\u00e9duction familiale 3\u00e8me archer sur part club : 20 \u20ac<\/span><\/td><\/tr><tr><td>&nbsp;<\/td><\/tr><tr><td><span style=\"font-size: 10pt; font-family: Tahoma, Arial, Helvetica, sans-serif;\">Tarif d\u00e9butant adulte : <strong>(a)<\/strong>+<strong>(b)<\/strong>+<strong>(c)<\/strong> &#8211; selon le choix de cours et le droit d&rsquo;entr\u00e9e (25 ou 35 \u20ac) + (100 ou 160 \u20ac) + (194,50 \u20ac)<\/span><\/td><\/tr><tr><td><span style=\"font-size: 10pt; font-family: Tahoma, Arial, Helvetica, sans-serif;\">Tarif d\u00e9butant jeune : <strong>(a)<\/strong>+<strong>(b)<\/strong>+<strong>(d)<\/strong> &#8211; (25 \u20ac ou 35 \u20ac) + 100 \u20ac + 169 \u20ac soit 294 \u20ac ou 304 \u20ac<\/span><\/td><\/tr><tr><td><span style=\"font-size: 10pt; font-family: Tahoma, Arial, Helvetica, sans-serif;\"><strong>Remarque<\/strong> : Les cours du lundi et jeudi sont assur\u00e9s par un dipl\u00f4m\u00e9 d&rsquo;Etat (DEJEPS) + un double champion du monde en formation DEJEPS<\/span><\/td><\/tr><\/tbody><\/table><\/figure>\n\n\n\n<div>\n<p><span style=\"font-family: Tahoma,Arial,Helvetica,sans-serif; font-size: 10pt;\">G\u00e9n\u00e9ralement, <strong>apr\u00e8s les vacances de P\u00e2ques<\/strong> et d\u00e8s les beaux jours venus, le gymnase est ferm\u00e9 et nous tirons sur notre Jardin d&rsquo;Arc o\u00f9 les formations se poursuivent.<\/span><\/p>\n<\/div>\n\n\n\n<div>\n<p><span style=\"font-family: Tahoma,Arial,Helvetica,sans-serif; font-size: 10pt;\">Pour le <strong>terrain ext\u00e9rieur<\/strong><\/span><br><span style=\"font-family: Tahoma,Arial,Helvetica,sans-serif; font-size: 10pt;\"> Le <a href=\"https:\/\/rueil-star.com\/site\/index.php\/localisation\/le-terrain-exterieur\/\">Jardin d&rsquo;Arc<\/a> est accessible toute l&rsquo;ann\u00e9e (sous conditions) aux archers de la STAR r\u00e9guli\u00e8rement inscrits.<\/span><span style=\"font-family: Tahoma, Arial, Helvetica, sans-serif; font-size: 10pt;\">&nbsp;<\/span><\/p>\n<\/div>\n\n\n\n<div>\n<p><span style=\"font-family: Tahoma,Arial,Helvetica,sans-serif; font-size: 10pt;\"><strong>Toute la saison<\/strong>&nbsp;&nbsp;&nbsp;&nbsp;<\/span><\/p>\n<table id=\"tab1\" style=\"width: 555.617px;\" cellspacing=\"2\">\n<tbody>\n<tr style=\"height: 35px;\">\n<td style=\"width: 81px; height: 35px;\"><span style=\"font-family: Tahoma,Arial,Helvetica,sans-serif; font-size: 10pt;\">Jour<\/span><\/td>\n<td style=\"width: 70px; height: 35px;\"><span style=\"font-family: Tahoma,Arial,Helvetica,sans-serif; font-size: 10pt;\">Horaire<\/span><\/td>\n<td style=\"width: 381.617px; height: 35px;\"><span style=\"font-family: Tahoma,Arial,Helvetica,sans-serif; font-size: 10pt;\">Conditions d&rsquo;acc\u00e8s<\/span><\/td>\n<\/tr>\n<tr style=\"height: 56px;\">\n<td style=\"width: 81px; height: 56px;\"><span style=\"font-family: Tahoma,Arial,Helvetica,sans-serif; font-size: 10pt;\">Tous les jours<\/span><\/td>\n<td style=\"width: 70px; height: 56px;\"><span style=\"font-family: Tahoma,Arial,Helvetica,sans-serif; font-size: 10pt;\">9h00-22h15<\/span><\/td>\n<td style=\"width: 381.617px; height: 56px;\"><span style=\"font-family: Tahoma,Arial,Helvetica,sans-serif; font-size: 10pt;\">Il faut poss\u00e9der son arc, avoir les cl\u00e9s d&rsquo;acc\u00e8s ou venir accompagn\u00e9 par quelqu&rsquo;un qui les poss\u00e8de.<\/span><\/td>\n<\/tr>\n<\/tbody>\n<\/table>\n<\/div>\n\n\n\n<p><\/p>\n","protected":false},"excerpt":{"rendered":"<p>TYPE DE LICENCE FFTA R\u00e9gion D\u00e9partement TOTAL LICENCE Part club&nbsp;* TOTAL Adulte valide comp\u00e9tition&nbsp;(c) 46,00 \u20ac 20,00 \u20ac 13,50 \u20ac 79,50 \u20ac 115,00 \u20ac 194,50 \u20ac Adulte valide club 38,00 \u20ac 16,00 \u20ac 13,00 \u20ac 67,00 \u20ac 115,00 \u20ac 182,00 \u20ac Adulte valide sans pratique 29,00 \u20ac 5,00 \u20ac 5,00 \u20ac 39,00 \u20ac 115,00 \u20ac &hellip; <a href=\"https:\/\/rueil-star.com\/site\/index.php\/infos-pratiques\/tarifs\/\" class=\"more-link\">Continuer la lecture<span class=\"screen-reader-text\"> de &laquo;&nbsp;Tarifs 2025-2026&nbsp;&raquo;<\/span><\/a><\/p>\n","protected":false},"author":3833,"featured_media":0,"parent":341,"menu_order":0,"comment_status":"closed","ping_status":"closed","template":"","meta":{"footnotes":""},"class_list":["post-2688","page","type-page","status-publish","hentry"],"_links":{"self":[{"href":"https:\/\/rueil-star.com\/site\/index.php\/wp-json\/wp\/v2\/pages\/2688","targetHints":{"allow":["GET"]}}],"collection":[{"href":"https:\/\/rueil-star.com\/site\/index.php\/wp-json\/wp\/v2\/pages"}],"about":[{"href":"https:\/\/rueil-star.com\/site\/index.php\/wp-json\/wp\/v2\/types\/page"}],"author":[{"embeddable":true,"href":"https:\/\/rueil-star.com\/site\/index.php\/wp-json\/wp\/v2\/users\/3833"}],"replies":[{"embeddable":true,"href":"https:\/\/rueil-star.com\/site\/index.php\/wp-json\/wp\/v2\/comments?post=2688"}],"version-history":[{"count":1,"href":"https:\/\/rueil-star.com\/site\/index.php\/wp-json\/wp\/v2\/pages\/2688\/revisions"}],"predecessor-version":[{"id":2690,"href":"https:\/\/rueil-star.com\/site\/index.php\/wp-json\/wp\/v2\/pages\/2688\/revisions\/2690"}],"up":[{"embeddable":true,"href":"https:\/\/rueil-star.com\/site\/index.php\/wp-json\/wp\/v2\/pages\/341"}],"wp:attachment":[{"href":"https:\/\/rueil-star.com\/site\/index.php\/wp-json\/wp\/v2\/media?parent=2688"}],"curies":[{"name":"wp","href":"https:\/\/api.w.org\/{rel}","templated":true}]}}