{"id":337,"date":"2017-09-24T19:45:50","date_gmt":"2017-09-24T17:45:50","guid":{"rendered":"http:\/\/rueil-star.com\/site\/?page_id=337"},"modified":"2019-11-11T12:40:16","modified_gmt":"2019-11-11T11:40:16","slug":"formateurs-et-arbitres","status":"publish","type":"page","link":"https:\/\/rueil-star.com\/site\/index.php\/le-club\/formateurs-et-arbitres\/","title":{"rendered":"Formateurs et Arbitres"},"content":{"rendered":"\n<p>La STAR s&rsquo;appuie sur plusieurs formateurs dipl\u00f4m\u00e9s par la f\u00e9d\u00e9ration (BE et entra\u00eeneurs) pour assurer l&rsquo;initiation, le perfectionnement et l&rsquo;entra\u00eenement de ses archers en individuels ou en \u00e9quipes.<\/p>\n\n\n\n<hr class=\"wp-block-separator\"\/>\n\n\n\n<h3 class=\"wp-block-heading\">&nbsp;Les entra\u00eeneurs<\/h3>\n\n\n\n<figure class=\"wp-block-image size-large\"><img loading=\"lazy\" decoding=\"async\" width=\"500\" height=\"499\" src=\"https:\/\/rueil-star.com\/site\/wp-content\/uploads\/2019\/11\/Charles-1.png\" alt=\"\" class=\"wp-image-1788\" srcset=\"https:\/\/rueil-star.com\/site\/wp-content\/uploads\/2019\/11\/Charles-1.png 500w, https:\/\/rueil-star.com\/site\/wp-content\/uploads\/2019\/11\/Charles-1-150x150.png 150w, https:\/\/rueil-star.com\/site\/wp-content\/uploads\/2019\/11\/Charles-1-300x300.png 300w\" sizes=\"auto, (max-width: 500px) 85vw, 500px\" \/><\/figure>\n\n\n\n<p><strong>Charles :<\/strong> Dipl\u00f4me d&rsquo;Etat de la Jeunesse, de l&rsquo;Education Populaire et du Sport (DEJEPS), il a en charge la formation des d\u00e9butants adultes. Il s&rsquo;occupe aussi du perfectionnement des jeunes et adultes. En charge de l&rsquo;\u00e9quipe classique hommes, les \u00e9quipes jeunes et l&rsquo;\u00e9quipe DRE poulie.<\/p>\n\n\n\n<figure class=\"wp-block-image size-large\"><img loading=\"lazy\" decoding=\"async\" width=\"500\" height=\"499\" src=\"https:\/\/rueil-star.com\/site\/wp-content\/uploads\/2019\/11\/Sylvain.png\" alt=\"\" class=\"wp-image-1789\" srcset=\"https:\/\/rueil-star.com\/site\/wp-content\/uploads\/2019\/11\/Sylvain.png 500w, https:\/\/rueil-star.com\/site\/wp-content\/uploads\/2019\/11\/Sylvain-150x150.png 150w, https:\/\/rueil-star.com\/site\/wp-content\/uploads\/2019\/11\/Sylvain-300x300.png 300w\" sizes=\"auto, (max-width: 500px) 85vw, 500px\" \/><\/figure>\n\n\n\n<p><strong>Sylvain :<\/strong> Dipl\u00f4me d&rsquo;Etat de la Jeunesse, de l&rsquo;Education Populaire et du Sport (DEJEPS)<\/p>\n\n\n\n<figure class=\"wp-block-image size-large\"><img loading=\"lazy\" decoding=\"async\" width=\"500\" height=\"499\" src=\"https:\/\/rueil-star.com\/site\/wp-content\/uploads\/2019\/11\/Thierry-1.png\" alt=\"\" class=\"wp-image-1790\" srcset=\"https:\/\/rueil-star.com\/site\/wp-content\/uploads\/2019\/11\/Thierry-1.png 500w, https:\/\/rueil-star.com\/site\/wp-content\/uploads\/2019\/11\/Thierry-1-150x150.png 150w, https:\/\/rueil-star.com\/site\/wp-content\/uploads\/2019\/11\/Thierry-1-300x300.png 300w\" sizes=\"auto, (max-width: 500px) 85vw, 500px\" \/><\/figure>\n\n\n\n<p><strong>Thierry :<\/strong> Entra\u00eeneur 2, a en charge les \u00e9quipes f\u00e9minines du club.<\/p>\n\n\n\n<ul class=\"wp-block-list\"><li> <strong>Audrey\u00a0:<\/strong> Entra\u00eeneur 1<\/li><li><strong>Pierre VdM :<\/strong> Entra\u00eeneur 1<\/li><li><strong>Fabrice :<\/strong> Entra\u00eeneur 2<\/li><li><strong>Cl\u00e9ment :<\/strong> Entra\u00eeneur 1 <\/li><\/ul>\n\n\n\n<h3 class=\"wp-block-heading\">Les arbitres<\/h3>\n\n\n\n<ul class=\"wp-block-list\"><li><strong>Audrey<\/strong><\/li><\/ul>\n","protected":false},"excerpt":{"rendered":"<p>La STAR s&rsquo;appuie sur plusieurs formateurs dipl\u00f4m\u00e9s par la f\u00e9d\u00e9ration (BE et entra\u00eeneurs) pour assurer l&rsquo;initiation, le perfectionnement et l&rsquo;entra\u00eenement de ses archers en individuels ou en \u00e9quipes. &nbsp;Les entra\u00eeneurs Charles : Dipl\u00f4me d&rsquo;Etat de la Jeunesse, de l&rsquo;Education Populaire et du Sport (DEJEPS), il a en charge la formation des d\u00e9butants adultes. Il s&rsquo;occupe &hellip; <a href=\"https:\/\/rueil-star.com\/site\/index.php\/le-club\/formateurs-et-arbitres\/\" class=\"more-link\">Continuer la lecture<span class=\"screen-reader-text\"> de &laquo;&nbsp;Formateurs et Arbitres&nbsp;&raquo;<\/span><\/a><\/p>\n","protected":false},"author":2,"featured_media":0,"parent":189,"menu_order":4,"comment_status":"closed","ping_status":"closed","template":"","meta":{"footnotes":""},"class_list":["post-337","page","type-page","status-publish","hentry"],"_links":{"self":[{"href":"https:\/\/rueil-star.com\/site\/index.php\/wp-json\/wp\/v2\/pages\/337","targetHints":{"allow":["GET"]}}],"collection":[{"href":"https:\/\/rueil-star.com\/site\/index.php\/wp-json\/wp\/v2\/pages"}],"about":[{"href":"https:\/\/rueil-star.com\/site\/index.php\/wp-json\/wp\/v2\/types\/page"}],"author":[{"embeddable":true,"href":"https:\/\/rueil-star.com\/site\/index.php\/wp-json\/wp\/v2\/users\/2"}],"replies":[{"embeddable":true,"href":"https:\/\/rueil-star.com\/site\/index.php\/wp-json\/wp\/v2\/comments?post=337"}],"version-history":[{"count":3,"href":"https:\/\/rueil-star.com\/site\/index.php\/wp-json\/wp\/v2\/pages\/337\/revisions"}],"predecessor-version":[{"id":1791,"href":"https:\/\/rueil-star.com\/site\/index.php\/wp-json\/wp\/v2\/pages\/337\/revisions\/1791"}],"up":[{"embeddable":true,"href":"https:\/\/rueil-star.com\/site\/index.php\/wp-json\/wp\/v2\/pages\/189"}],"wp:attachment":[{"href":"https:\/\/rueil-star.com\/site\/index.php\/wp-json\/wp\/v2\/media?parent=337"}],"curies":[{"name":"wp","href":"https:\/\/api.w.org\/{rel}","templated":true}]}}