{"id":341,"date":"2017-09-24T19:50:04","date_gmt":"2017-09-24T17:50:04","guid":{"rendered":"http:\/\/rueil-star.com\/site\/?page_id=341"},"modified":"2019-10-27T14:15:05","modified_gmt":"2019-10-27T13:15:05","slug":"infos-pratiques","status":"publish","type":"page","link":"https:\/\/rueil-star.com\/site\/index.php\/infos-pratiques\/","title":{"rendered":"Infos Pratiques"},"content":{"rendered":"\n<p>Retrouvez ici toutes les informations pratiques pour pr\u00e9parer votre inscription :<\/p>\n\n\n\n<ul class=\"wp-block-list\"><li><a href=\"https:\/\/rueil-star.com\/site\/index.php\/infos-pratiques\/horaires\/\">Horaires et tarifs<\/a><\/li><li>Localisation de la <a href=\"https:\/\/rueil-star.com\/site\/index.php\/localisation\/la-salle\/\">Salle<\/a> et du <a href=\"https:\/\/rueil-star.com\/site\/index.php\/localisation\/le-terrain-exterieur\/\">Terrain<\/a><\/li><li><a href=\"https:\/\/rueil-star.com\/site\/index.php\/la-pratique\/inscription-et-reinscription\/\">Proc\u00e9dure d&rsquo;inscription<\/a><\/li><li><a href=\"https:\/\/rueil-star.com\/site\/index.php\/docs-a-telecharger\/\">Documents \u00e0 t\u00e9l\u00e9charger<\/a><\/li><\/ul>\n","protected":false},"excerpt":{"rendered":"<p>Retrouvez ici toutes les informations pratiques pour pr\u00e9parer votre inscription : Horaires et tarifs Localisation de la Salle et du Terrain Proc\u00e9dure d&rsquo;inscription Documents \u00e0 t\u00e9l\u00e9charger<\/p>\n","protected":false},"author":2,"featured_media":0,"parent":0,"menu_order":0,"comment_status":"closed","ping_status":"closed","template":"","meta":{"footnotes":""},"class_list":["post-341","page","type-page","status-publish","hentry"],"_links":{"self":[{"href":"https:\/\/rueil-star.com\/site\/index.php\/wp-json\/wp\/v2\/pages\/341","targetHints":{"allow":["GET"]}}],"collection":[{"href":"https:\/\/rueil-star.com\/site\/index.php\/wp-json\/wp\/v2\/pages"}],"about":[{"href":"https:\/\/rueil-star.com\/site\/index.php\/wp-json\/wp\/v2\/types\/page"}],"author":[{"embeddable":true,"href":"https:\/\/rueil-star.com\/site\/index.php\/wp-json\/wp\/v2\/users\/2"}],"replies":[{"embeddable":true,"href":"https:\/\/rueil-star.com\/site\/index.php\/wp-json\/wp\/v2\/comments?post=341"}],"version-history":[{"count":2,"href":"https:\/\/rueil-star.com\/site\/index.php\/wp-json\/wp\/v2\/pages\/341\/revisions"}],"predecessor-version":[{"id":1739,"href":"https:\/\/rueil-star.com\/site\/index.php\/wp-json\/wp\/v2\/pages\/341\/revisions\/1739"}],"wp:attachment":[{"href":"https:\/\/rueil-star.com\/site\/index.php\/wp-json\/wp\/v2\/media?parent=341"}],"curies":[{"name":"wp","href":"https:\/\/api.w.org\/{rel}","templated":true}]}}