{"id":359,"date":"2017-09-24T20:00:16","date_gmt":"2017-09-24T18:00:16","guid":{"rendered":"http:\/\/rueil-star.com\/site\/?page_id=359"},"modified":"2017-09-24T20:15:51","modified_gmt":"2017-09-24T18:15:51","slug":"localisation","status":"publish","type":"page","link":"https:\/\/rueil-star.com\/site\/index.php\/localisation\/","title":{"rendered":"Localisation"},"content":{"rendered":"<div class=\"pm-desc\">\n<p><span style=\"font-family: Tahoma,Arial,Helvetica,sans-serif; font-size: 10pt;\">La Salle et le Terrain ext\u00e9rieur de la STAR sont mis \u00e0 la disposition du club par la commune de Rueil sur son territoire.<\/span><\/p>\n<p><span style=\"font-family: Tahoma,Arial,Helvetica,sans-serif; font-size: 10pt;\">Rueil-Malmaison se situe \u00e0 une dizaine de kilom\u00e8tres \u00e0 l&rsquo;ouest de Paris, dans le d\u00e9partement des Hauts-de-Seine.<\/span><\/p>\n<p><span style=\"font-family: Tahoma,Arial,Helvetica,sans-serif; font-size: 10pt;\">Rueil-Malmaison est facilement accessible <strong>en voiture<\/strong> :<\/span><\/p>\n<ul>\n<li><span style=\"font-family: Tahoma,Arial,Helvetica,sans-serif; font-size: 10pt;\">par la <strong>RN 13<\/strong>, depuis la Porte Maillot<\/span><\/li>\n<li><span style=\"font-family: Tahoma,Arial,Helvetica,sans-serif; font-size: 10pt;\">par la <strong>RN 190<\/strong>, depuis Nanterre<\/span><\/li>\n<li><span style=\"font-family: Tahoma,Arial,Helvetica,sans-serif; font-size: 10pt;\">par l&rsquo;<strong>Autoroute A 86<\/strong>, depuis Saint Denis.<\/span><\/li>\n<\/ul>\n<div><span style=\"font-family: Tahoma,Arial,Helvetica,sans-serif; font-size: 10pt;\">\u00a0<\/span><\/div>\n<div><span style=\"font-family: Tahoma,Arial,Helvetica,sans-serif; font-size: 10pt;\">Rueil est desservie par la <strong>ligne A du RER<\/strong>, en direction de St-Germain-en-Laye.<\/span><span style=\"font-family: Tahoma,Arial,Helvetica,sans-serif; font-size: 10pt;\">Rueil est sillon\u00e9e par plusieurs lignes de bus RATP (141, 144, 158, 241, 244, 258, 358, 367, 467, 459, 503) et autres.<\/span><\/p>\n<\/div>\n<div><span style=\"font-family: Tahoma,Arial,Helvetica,sans-serif; font-size: 10pt;\"><strong>Pour le Terrain<\/strong> : Stade du Parc : 292, Av. Napol\u00e9on Bonaparte (RN 13) Parking le long de l&rsquo;avenue Ligne de bus RATP n\u00b0 258, arr\u00eat Stade du Parc Traverciel n\u00b0 27, arr\u00eat Jonch\u00e8re Veolia n\u00b0 503, arr\u00eat Jonch\u00e8re<\/span><\/div>\n<div><span style=\"font-family: Tahoma,Arial,Helvetica,sans-serif; font-size: 10pt;\">\u00a0<\/span><\/div>\n<div><span style=\"font-family: Tahoma,Arial,Helvetica,sans-serif; font-size: 10pt;\"><strong>Pour la Salle<\/strong> : Gymnase des Bons-Raisins : 34, rue des Bons Raisins Parking des Ma\u00eetres Vignerons (fermeture \u00e0 23h00) Ligne de bus RATP 244, arr\u00eat Les Godardes Ligne de bus RATP 141, arr\u00eat St-Exup\u00e9ry (sur l&rsquo;avenue du Pr\u00e9sident Pompidou)<\/span><\/div>\n<p><span style=\"font-family: Tahoma,Arial,Helvetica,sans-serif; font-size: 10pt;\"><strong>Lors des Concours<\/strong> :<\/span><\/p>\n<ul>\n<li><span style=\"font-family: Tahoma,Arial,Helvetica,sans-serif; font-size: 10pt;\">Les <strong>concours en Salle<\/strong> ont lieu au Gymnase des Bons Raisins.<\/span><\/li>\n<li><span style=\"font-family: Tahoma,Arial,Helvetica,sans-serif; font-size: 10pt;\">Les <strong>concours en ext\u00e9rieur<\/strong> se d\u00e9roulent au Stade du Parc, terrains des bords de Seine. Attention : il ne s&rsquo;agit pas du \u00ab\u00a0Jardin d&rsquo;arc\u00a0\u00bb utilis\u00e9 lors des entra\u00eenements !<\/span><\/li>\n<\/ul>\n<\/div>\n","protected":false},"excerpt":{"rendered":"<p>La Salle et le Terrain ext\u00e9rieur de la STAR sont mis \u00e0 la disposition du club par la commune de Rueil sur son territoire. Rueil-Malmaison se situe \u00e0 une dizaine de kilom\u00e8tres \u00e0 l&rsquo;ouest de Paris, dans le d\u00e9partement des Hauts-de-Seine. Rueil-Malmaison est facilement accessible en voiture : par la RN 13, depuis la Porte &hellip; <a href=\"https:\/\/rueil-star.com\/site\/index.php\/localisation\/\" class=\"more-link\">Continuer la lecture<span class=\"screen-reader-text\"> de &laquo;&nbsp;Localisation&nbsp;&raquo;<\/span><\/a><\/p>\n","protected":false},"author":2,"featured_media":0,"parent":0,"menu_order":0,"comment_status":"closed","ping_status":"closed","template":"","meta":{"footnotes":""},"class_list":["post-359","page","type-page","status-publish","hentry"],"_links":{"self":[{"href":"https:\/\/rueil-star.com\/site\/index.php\/wp-json\/wp\/v2\/pages\/359","targetHints":{"allow":["GET"]}}],"collection":[{"href":"https:\/\/rueil-star.com\/site\/index.php\/wp-json\/wp\/v2\/pages"}],"about":[{"href":"https:\/\/rueil-star.com\/site\/index.php\/wp-json\/wp\/v2\/types\/page"}],"author":[{"embeddable":true,"href":"https:\/\/rueil-star.com\/site\/index.php\/wp-json\/wp\/v2\/users\/2"}],"replies":[{"embeddable":true,"href":"https:\/\/rueil-star.com\/site\/index.php\/wp-json\/wp\/v2\/comments?post=359"}],"version-history":[{"count":2,"href":"https:\/\/rueil-star.com\/site\/index.php\/wp-json\/wp\/v2\/pages\/359\/revisions"}],"predecessor-version":[{"id":383,"href":"https:\/\/rueil-star.com\/site\/index.php\/wp-json\/wp\/v2\/pages\/359\/revisions\/383"}],"wp:attachment":[{"href":"https:\/\/rueil-star.com\/site\/index.php\/wp-json\/wp\/v2\/media?parent=359"}],"curies":[{"name":"wp","href":"https:\/\/api.w.org\/{rel}","templated":true}]}}