{"id":365,"date":"2017-09-24T20:01:46","date_gmt":"2017-09-24T18:01:46","guid":{"rendered":"http:\/\/rueil-star.com\/site\/?page_id=365"},"modified":"2019-10-27T13:12:27","modified_gmt":"2019-10-27T12:12:27","slug":"la-salle","status":"publish","type":"page","link":"https:\/\/rueil-star.com\/site\/index.php\/localisation\/la-salle\/","title":{"rendered":"La Salle"},"content":{"rendered":"\n<p>La STAR dispose, pour ses entra\u00eenements, du Gymnase des Bons Raisins, une salle de 30&nbsp;m\u00e8tres de long \u00e9quip\u00e9e d&rsquo;un mur de stramit pouvant accueillir 11 cibles lors des comp\u00e9titions officielles. <\/p>\n\n\n\n<p>La salle est accessible du mois de septembre au mois de juin, aux <a href=\"https:\/\/rueil-star.com\/site\/index.php\/infos-pratiques\/horaires\/\">heures pr\u00e9vues<\/a>, except\u00e9 durant les vacances scolaires pour lesquelles la STAR obtient des d\u00e9rogations. En g\u00e9n\u00e9ral, la salle est d\u00e9laiss\u00e9e au profit du terrain \u00e0 partir des mois d&rsquo;avril-mai. <\/p>\n\n\n\n<p>Le Gymnase des Bons Raisins se situe au <a href=\"https:\/\/goo.gl\/maps\/qVVCrAC2e8E2\">34, rue des Bons Raisins<\/a>, dans le quartier Plateau Mont-Val\u00e9rien. <\/p>\n","protected":false},"excerpt":{"rendered":"<p>La STAR dispose, pour ses entra\u00eenements, du Gymnase des Bons Raisins, une salle de 30&nbsp;m\u00e8tres de long \u00e9quip\u00e9e d&rsquo;un mur de stramit pouvant accueillir 11 cibles lors des comp\u00e9titions officielles. La salle est accessible du mois de septembre au mois de juin, aux heures pr\u00e9vues, except\u00e9 durant les vacances scolaires pour lesquelles la STAR obtient &hellip; <a href=\"https:\/\/rueil-star.com\/site\/index.php\/localisation\/la-salle\/\" class=\"more-link\">Continuer la lecture<span class=\"screen-reader-text\"> de &laquo;&nbsp;La Salle&nbsp;&raquo;<\/span><\/a><\/p>\n","protected":false},"author":2,"featured_media":0,"parent":359,"menu_order":0,"comment_status":"closed","ping_status":"closed","template":"","meta":{"footnotes":""},"class_list":["post-365","page","type-page","status-publish","hentry"],"_links":{"self":[{"href":"https:\/\/rueil-star.com\/site\/index.php\/wp-json\/wp\/v2\/pages\/365","targetHints":{"allow":["GET"]}}],"collection":[{"href":"https:\/\/rueil-star.com\/site\/index.php\/wp-json\/wp\/v2\/pages"}],"about":[{"href":"https:\/\/rueil-star.com\/site\/index.php\/wp-json\/wp\/v2\/types\/page"}],"author":[{"embeddable":true,"href":"https:\/\/rueil-star.com\/site\/index.php\/wp-json\/wp\/v2\/users\/2"}],"replies":[{"embeddable":true,"href":"https:\/\/rueil-star.com\/site\/index.php\/wp-json\/wp\/v2\/comments?post=365"}],"version-history":[{"count":6,"href":"https:\/\/rueil-star.com\/site\/index.php\/wp-json\/wp\/v2\/pages\/365\/revisions"}],"predecessor-version":[{"id":1723,"href":"https:\/\/rueil-star.com\/site\/index.php\/wp-json\/wp\/v2\/pages\/365\/revisions\/1723"}],"up":[{"embeddable":true,"href":"https:\/\/rueil-star.com\/site\/index.php\/wp-json\/wp\/v2\/pages\/359"}],"wp:attachment":[{"href":"https:\/\/rueil-star.com\/site\/index.php\/wp-json\/wp\/v2\/media?parent=365"}],"curies":[{"name":"wp","href":"https:\/\/api.w.org\/{rel}","templated":true}]}}