{"id":372,"date":"2017-09-24T20:07:54","date_gmt":"2017-09-24T18:07:54","guid":{"rendered":"http:\/\/rueil-star.com\/site\/?page_id=372"},"modified":"2019-10-27T13:07:06","modified_gmt":"2019-10-27T12:07:06","slug":"le-terrain-exterieur","status":"publish","type":"page","link":"https:\/\/rueil-star.com\/site\/index.php\/localisation\/le-terrain-exterieur\/","title":{"rendered":"Le terrain ext\u00e9rieur"},"content":{"rendered":"\n<figure class=\"wp-block-image size-large\"><img loading=\"lazy\" decoding=\"async\" width=\"1024\" height=\"204\" src=\"https:\/\/rueil-star.com\/site\/wp-content\/uploads\/2019\/10\/Terrain-1-1024x204.jpg\" alt=\"\" class=\"wp-image-1717\" srcset=\"https:\/\/rueil-star.com\/site\/wp-content\/uploads\/2019\/10\/Terrain-1-1024x204.jpg 1024w, https:\/\/rueil-star.com\/site\/wp-content\/uploads\/2019\/10\/Terrain-1-300x60.jpg 300w, https:\/\/rueil-star.com\/site\/wp-content\/uploads\/2019\/10\/Terrain-1-768x153.jpg 768w, https:\/\/rueil-star.com\/site\/wp-content\/uploads\/2019\/10\/Terrain-1-1200x239.jpg 1200w, https:\/\/rueil-star.com\/site\/wp-content\/uploads\/2019\/10\/Terrain-1.jpg 2000w\" sizes=\"auto, (max-width: 709px) 85vw, (max-width: 909px) 67vw, (max-width: 1362px) 62vw, 840px\" \/><\/figure>\n\n\n\n<p>La STAR dispose d&rsquo;un terrain ext\u00e9rieur de plus de 100 m\u00e8tres de long et 45 m\u00e8tres de large homologu\u00e9 par la <a href=\"http:\/\/www.ffta.fr\/\">f\u00e9d\u00e9ration fran\u00e7aise de tir \u00e0 l&rsquo;arc\u00a0<\/a> en ce qui concerne la s\u00e9curit\u00e9. \u00a0<\/p>\n\n\n\n<p>Il accueille pr\u00e8s d&rsquo;une trentaine de cibles positionn\u00e9es sur des distances allant de 20 \u00e0 90 m. Les buttes de tir sont fixes aux longues distances, et mobiles pour les courtes distances. Des cibles basses l\u00e9g\u00e8res, Favofield ou mousse, compl\u00e8tent l&rsquo;ensemble. \u00a0<\/p>\n\n\n\n<p>5-7 cibles mobiles entre\u00a015 et\u00a030\u00a0m <br>2\u00a0cibles fixes\u00a0\u00e0 30 m 1 cible fixe\u00a0\u00e0 40 m 8 cibles fixes \u00e0 50 m 1 cible fixe \u00e0 60 m 6 cibles fixes \u00e0 70 m <\/p>\n\n\n\n<ul class=\"wp-block-list\"><li> 5-7 cibles mobiles entre\u00a015m et\u00a025m <\/li><li>4 cibles fixes \u00e0 30m<\/li><li>1 cible fixe \u00e0 40m<\/li><li>7 cibles fixes \u00e0 50m<\/li><li>1 cible fixe \u00e0 60m<\/li><li>6 cibles fixes \u00e0 70m<\/li><\/ul>\n\n\n\n<p>Pourvu d&rsquo;un double pas de tir couvert, disposant d&rsquo;un pas de tir chauff\u00e9 et de cibles \u00e9clair\u00e9es, le terrain est ouvert toute l&rsquo;ann\u00e9e aux licenci\u00e9s du club ayant obtenu leur fl\u00e8che jaune ou ayant particip\u00e9 \u00e0 une comp\u00e9tition de type FITA 2x70m (les archers disposent alors de la cl\u00e9 d&rsquo;acc\u00e8s). <\/p>\n\n\n\n<figure class=\"wp-block-image size-large\"><a href=\"https:\/\/goo.gl\/maps\/omafNhErVkb9WtHH7\"><img loading=\"lazy\" decoding=\"async\" width=\"1024\" height=\"204\" src=\"https:\/\/rueil-star.com\/site\/wp-content\/uploads\/2019\/10\/map_small-1024x204.png\" alt=\"\" class=\"wp-image-1718\" srcset=\"https:\/\/rueil-star.com\/site\/wp-content\/uploads\/2019\/10\/map_small-1024x204.png 1024w, https:\/\/rueil-star.com\/site\/wp-content\/uploads\/2019\/10\/map_small-300x60.png 300w, https:\/\/rueil-star.com\/site\/wp-content\/uploads\/2019\/10\/map_small-768x153.png 768w, https:\/\/rueil-star.com\/site\/wp-content\/uploads\/2019\/10\/map_small-1200x239.png 1200w, https:\/\/rueil-star.com\/site\/wp-content\/uploads\/2019\/10\/map_small.png 2000w\" sizes=\"auto, (max-width: 709px) 85vw, (max-width: 909px) 67vw, (max-width: 1362px) 62vw, 840px\" \/><\/a><\/figure>\n\n\n\n<p>Le terrain est <a href=\"https:\/\/goo.gl\/maps\/omafNhErVkb9WtHH7\">situ\u00e9 le long de la Route Nationale 13<\/a>, juste avant l&rsquo;entr\u00e9e du tunnel\u00a0de l&rsquo;A86 et la bretelle d&rsquo;acc\u00e8s, dans l&rsquo;enceinte du <strong>Stade du Par<\/strong>c<\/p>\n\n\n\n<p>2 entr\u00e9es sont possibles sur l&rsquo;<strong>avenue Napol\u00e9on Bonaparte<\/strong> :<\/p>\n\n\n\n<ul class=\"wp-block-list\"><li>au <strong>312<\/strong> : entr\u00e9e de la Maison de l&rsquo;Europe<\/li><li>au <strong>298<\/strong> : entr\u00e9e du Stade du Parc<\/li><\/ul>\n\n\n\n<p>Le stationnement s&rsquo;effectue le long de l&rsquo;avenue.<\/p>\n","protected":false},"excerpt":{"rendered":"<p>La STAR dispose d&rsquo;un terrain ext\u00e9rieur de plus de 100 m\u00e8tres de long et 45 m\u00e8tres de large homologu\u00e9 par la f\u00e9d\u00e9ration fran\u00e7aise de tir \u00e0 l&rsquo;arc\u00a0 en ce qui concerne la s\u00e9curit\u00e9. \u00a0 Il accueille pr\u00e8s d&rsquo;une trentaine de cibles positionn\u00e9es sur des distances allant de 20 \u00e0 90 m. Les buttes de tir &hellip; <a href=\"https:\/\/rueil-star.com\/site\/index.php\/localisation\/le-terrain-exterieur\/\" class=\"more-link\">Continuer la lecture<span class=\"screen-reader-text\"> de &laquo;&nbsp;Le terrain ext\u00e9rieur&nbsp;&raquo;<\/span><\/a><\/p>\n","protected":false},"author":2,"featured_media":0,"parent":359,"menu_order":1,"comment_status":"closed","ping_status":"closed","template":"","meta":{"footnotes":""},"class_list":["post-372","page","type-page","status-publish","hentry"],"_links":{"self":[{"href":"https:\/\/rueil-star.com\/site\/index.php\/wp-json\/wp\/v2\/pages\/372","targetHints":{"allow":["GET"]}}],"collection":[{"href":"https:\/\/rueil-star.com\/site\/index.php\/wp-json\/wp\/v2\/pages"}],"about":[{"href":"https:\/\/rueil-star.com\/site\/index.php\/wp-json\/wp\/v2\/types\/page"}],"author":[{"embeddable":true,"href":"https:\/\/rueil-star.com\/site\/index.php\/wp-json\/wp\/v2\/users\/2"}],"replies":[{"embeddable":true,"href":"https:\/\/rueil-star.com\/site\/index.php\/wp-json\/wp\/v2\/comments?post=372"}],"version-history":[{"count":9,"href":"https:\/\/rueil-star.com\/site\/index.php\/wp-json\/wp\/v2\/pages\/372\/revisions"}],"predecessor-version":[{"id":1719,"href":"https:\/\/rueil-star.com\/site\/index.php\/wp-json\/wp\/v2\/pages\/372\/revisions\/1719"}],"up":[{"embeddable":true,"href":"https:\/\/rueil-star.com\/site\/index.php\/wp-json\/wp\/v2\/pages\/359"}],"wp:attachment":[{"href":"https:\/\/rueil-star.com\/site\/index.php\/wp-json\/wp\/v2\/media?parent=372"}],"curies":[{"name":"wp","href":"https:\/\/api.w.org\/{rel}","templated":true}]}}