{"id":722,"date":"2018-06-25T21:59:21","date_gmt":"2018-06-25T19:59:21","guid":{"rendered":"http:\/\/rueil-star.com\/site\/?page_id=722"},"modified":"2026-04-14T19:24:09","modified_gmt":"2026-04-14T17:24:09","slug":"horaires","status":"publish","type":"page","link":"https:\/\/rueil-star.com\/site\/index.php\/infos-pratiques\/horaires\/","title":{"rendered":"Horaires"},"content":{"rendered":"\n<p>Horaires des cours et tirs libres <strong>\u00e0 compter du 13\/04\/2026<\/strong>.<br>\u26a0\ufe0f Attention ! Les cr\u00e9neaux de <strong>tir libre<\/strong> des deux <strong>gymnases<\/strong> (Vert Bois et Bons Raisins) sont <strong>supprim\u00e9s \u00e0 partir du 19\/04\/2026<\/strong>.<\/p>\n\n\n\n<figure class=\"wp-block-table\"><table class=\"has-fixed-layout\"><thead><tr><th><strong>Jour<\/strong><\/th><th><strong>Horaire<\/strong><\/th><th><strong>Activit\u00e9<\/strong><\/th><th><strong>Lieu<\/strong><\/th><\/tr><\/thead><tbody><tr><td rowspan=\"2\">Lundi<\/td><td>16h15-18h00<\/td><td>Tir Libre<\/td><td>Vert Bois<\/td><\/tr><tr><td>20h30-22h30<\/td><td>Initiation Adultes<\/td><td>Terrain ext\u00e9rieur<\/td><\/tr><tr><td rowspan=\"3\">Mardi<\/td><td>18h30-20h30<\/td><td>Comp\u00e9titeurs Jeunes<\/td><td>Terrain ext\u00e9rieur<\/td><\/tr><tr><td>20h30-22h30<\/td><td>Comp\u00e9titeurs Adultes<\/td><td>Terrain ext\u00e9rieur<\/td><\/tr><tr><td>18h30-22h30<\/td><td>Tir libre<\/td><td>Bons Raisins<\/td><\/tr><tr><td rowspan=\"6\">Mercredi<\/td><td>09h00-11h00<\/td><td>Initiation Jeunes et Adultes<\/td><td>Terrain ext\u00e9rieur<\/td><\/tr><tr><td>11h00-13h00<\/td><td>Perfectionnement Jeunes et Adultes<br>+ Tir libre<\/td><td>Terrain ext\u00e9rieur<\/td><\/tr><tr><td>17h00-19h00<\/td><td>Initiation Jeunes 1<\/td><td>Terrain ext\u00e9rieur<\/td><\/tr><tr><td>19h00-20h30<\/td><td>Perfectionnement Jeunes (U13\/U15)<\/td><td>Terrain ext\u00e9rieur<\/td><\/tr><tr><td>20h30-22h30<\/td><td>D2 Hommes\/Femmes + Perfectionnement adultes <\/td><td>Terrain ext\u00e9rieur<\/td><\/tr><tr><td>17h00-22h30<\/td><td>Tir libre<\/td><td>Bons Raisins<\/td><\/tr><tr><td>Jeudi<\/td><td>20h30-22h30<\/td><td>Initiation Adultes<\/td><td>Terrain ext\u00e9rieur<\/td><\/tr><tr><td rowspan=\"5\">Vendredi<\/td><td>16h15-18h00<\/td><td>Tir libre<\/td><td>Vert Bois<\/td><\/tr><tr><td>17h30-18h45<\/td><td>Jeunes (U11)<\/td><td>Terrain ext\u00e9rieur<\/td><\/tr><tr><td>18h45-20h45<\/td><td>Comp\u00e9titeurs Jeunes<\/td><td>Terrain ext\u00e9rieur<\/td><\/tr><tr><td>20h45-22h30<\/td><td>D2 Hommes\/Femmes + <br>Perfectionnement Adultes<\/td><td>Terrain ext\u00e9rieur<\/td><\/tr><tr><td>17h30-22h30<\/td><td>Tir libre<\/td><td>Bons Raisins<\/td><\/tr><tr><td rowspan=\"3\">Samedi<\/td><td>14h00-16h00<\/td><td>Initiation Jeunes 2<\/td><td>Bons Raisins<\/td><\/tr><tr><td>16h00-17h30<\/td><td>Perfectionnement Jeunes U18\/U21<\/td><td>Bons Raisins<\/td><\/tr><tr><td>17h30-19h00<\/td><td>Tir libre<\/td><td>Bons Raisins<\/td><\/tr><\/tbody><\/table><\/figure>\n\n\n\n<p><\/p>\n\n\n\n<p><\/p>\n","protected":false},"excerpt":{"rendered":"<p>Horaires des cours et tirs libres \u00e0 compter du 13\/04\/2026.\u26a0\ufe0f Attention ! Les cr\u00e9neaux de tir libre des deux gymnases (Vert Bois et Bons Raisins) sont supprim\u00e9s \u00e0 partir du 19\/04\/2026. Jour Horaire Activit\u00e9 Lieu Lundi 16h15-18h00 Tir Libre Vert Bois 20h30-22h30 Initiation Adultes Terrain ext\u00e9rieur Mardi 18h30-20h30 Comp\u00e9titeurs Jeunes Terrain ext\u00e9rieur 20h30-22h30 Comp\u00e9titeurs Adultes &hellip; <a href=\"https:\/\/rueil-star.com\/site\/index.php\/infos-pratiques\/horaires\/\" class=\"more-link\">Continuer la lecture<span class=\"screen-reader-text\"> de &laquo;&nbsp;Horaires&nbsp;&raquo;<\/span><\/a><\/p>\n","protected":false},"author":89,"featured_media":0,"parent":341,"menu_order":0,"comment_status":"closed","ping_status":"closed","template":"","meta":{"footnotes":""},"class_list":["post-722","page","type-page","status-publish","hentry"],"_links":{"self":[{"href":"https:\/\/rueil-star.com\/site\/index.php\/wp-json\/wp\/v2\/pages\/722","targetHints":{"allow":["GET"]}}],"collection":[{"href":"https:\/\/rueil-star.com\/site\/index.php\/wp-json\/wp\/v2\/pages"}],"about":[{"href":"https:\/\/rueil-star.com\/site\/index.php\/wp-json\/wp\/v2\/types\/page"}],"author":[{"embeddable":true,"href":"https:\/\/rueil-star.com\/site\/index.php\/wp-json\/wp\/v2\/users\/89"}],"replies":[{"embeddable":true,"href":"https:\/\/rueil-star.com\/site\/index.php\/wp-json\/wp\/v2\/comments?post=722"}],"version-history":[{"count":109,"href":"https:\/\/rueil-star.com\/site\/index.php\/wp-json\/wp\/v2\/pages\/722\/revisions"}],"predecessor-version":[{"id":2719,"href":"https:\/\/rueil-star.com\/site\/index.php\/wp-json\/wp\/v2\/pages\/722\/revisions\/2719"}],"up":[{"embeddable":true,"href":"https:\/\/rueil-star.com\/site\/index.php\/wp-json\/wp\/v2\/pages\/341"}],"wp:attachment":[{"href":"https:\/\/rueil-star.com\/site\/index.php\/wp-json\/wp\/v2\/media?parent=722"}],"curies":[{"name":"wp","href":"https:\/\/api.w.org\/{rel}","templated":true}]}}